{"id":3186,"date":"2024-06-26T14:59:34","date_gmt":"2024-06-26T14:59:34","guid":{"rendered":"https:\/\/sunseabreezevilla.com\/richtlinien-regeln\/"},"modified":"2024-07-18T01:40:23","modified_gmt":"2024-07-18T01:40:23","slug":"richtlinien-regeln","status":"publish","type":"page","link":"https:\/\/sunseabreezevilla.com\/de\/richtlinien-regeln\/","title":{"rendered":"Richtlinien &amp; Regeln"},"content":{"rendered":"\n<h2 class=\"wp-block-heading\">Politiken<\/h2>\n\n<p><strong>1. ALLGEMEINE RICHTLINIEN:<\/strong><\/p>\n\n<ul class=\"wp-block-list\">\n<li><strong>Rauchen verboten: <\/strong>Das Rauchen ist in der Wohnung strengstens verboten. Ein Versto\u00df gegen das Rauchen (einschlie\u00dflich Tabak, Cannabis, E-Zigaretten) wird mit einer Geldstrafe von 450\u20ac geahndet.<br\/><\/li>\n\n\n\n<li><strong>Keine Haustiere:<\/strong> Haustiere sind auf dem Gel\u00e4nde nicht erlaubt. Zuwiderhandlungen werden mit einer Geldstrafe von 450\u20ac geahndet.<br\/><\/li>\n\n\n\n<li><strong>Keine Partys\/Veranstaltungen:<\/strong> Das Veranstalten von Partys oder Events ohne vorherige schriftliche Genehmigung ist verboten. Zuwiderhandlung f\u00fchrt zur sofortigen R\u00e4umung und einer Geldstrafe von 1000\u20ac<br\/><\/li>\n\n\n\n<li><strong>Mietvertragsbedingungen:<\/strong> Die Laufzeit des Mietvertrags entspricht den gebuchten Daten. Der verantwortliche Gast (der die Reservierung vornimmt) best\u00e4tigt, dass er 25 Jahre alt oder \u00e4lter ist und den Kurzzeitmietvertrag f\u00fcr seinen pers\u00f6nlichen Gebrauch abschlie\u00dft. Reservierungen im Namen einer anderen Partei werden nicht akzeptiert und werden ohne R\u00fcckerstattung storniert. Die Namen der zus\u00e4tzlichen G\u00e4ste m\u00fcssen vor der Ankunft angegeben werden. Die Nichtangabe der Namen aller G\u00e4ste f\u00fchrt zu einer Stornierung.<br\/><\/li>\n\n\n\n<li><strong>Gesamte Vereinbarung: <\/strong>Diese Vereinbarung stellt die gesamte Vereinbarung der Parteien dar und ersetzt alle fr\u00fcheren oder gleichzeitigen m\u00fcndlichen oder schriftlichen Vereinbarungen zu diesem Thema.<br\/><\/li>\n\n\n\n<li><strong>Ausweis: <\/strong>F\u00fcr allgemeine Sicherheitszwecke ist ein amtlicher Ausweis erforderlich, um bei uns zu buchen.<br\/><\/li>\n\n\n\n<li><strong>Ge\u00e4nderte Termine:<\/strong> Innerhalb von 30 Tagen vor Ihrer Ankunft sind keine Terminverschiebungen m\u00f6glich.<br\/><\/li>\n\n\n\n<li><strong>Parken: <\/strong>Vor dem Haus stehen unseren G\u00e4sten Parkpl\u00e4tze auf der Stra\u00dfe zur Verf\u00fcgung. Achten Sie darauf, dass Sie nicht die Einfahrt blockieren oder den Verkehrsfluss auf der engen Stra\u00dfe behindern. G\u00e4ste d\u00fcrfen keine Wohnmobile oder Camper auf dem Grundst\u00fcck parken.<br\/><\/li>\n\n\n\n<li><strong>Ger\u00e4uschdetektionsger\u00e4t: <\/strong>Dieses Anwesen kann die Minut Noise Monitoring Technologie verwenden, um den Komfort und die Sicherheit der G\u00e4ste zu gew\u00e4hrleisten. Manipulationen am Ger\u00e4t sind strengstens untersagt und werden mit einer Geldstrafe von 200\u20ac geahndet. Dieses Ger\u00e4t zeichnet NICHT die tats\u00e4chlichen Ger\u00e4usche oder Gespr\u00e4che auf, sondern \u00fcberwacht lediglich den Ger\u00e4uschpegel (gemessen in Dezibel).<br\/><\/li>\n\n\n\n<li><strong>CCTV-Sicherheitskamera:<\/strong> Es gibt 2 \u00dcberwachungskameras an den Au\u00dfeneing\u00e4ngen des Anwesens. Au\u00dferdem gibt es eine 3. Kamera in der Tiefgarage. Die Nutzung dieses Garagenbereichs ist f\u00fcr G\u00e4ste nicht gestattet.<br\/><\/li>\n\n\n\n<li><strong>Ruhige Stunden: <\/strong>Bitte respektieren Sie die Ruhezeiten von 22 Uhr bis 8 Uhr morgens. In der Wohnung ist ein L\u00e4rmdetektor installiert, der den Gastgeber alarmiert, wenn die Ger\u00e4uschkulisse zu gro\u00df wird.<br\/><\/li>\n\n\n\n<li><strong>G\u00e4ste-Limit<\/strong>: 6 G\u00e4ste Maximum. Die \u00dcberschreitung des G\u00e4stelimits wird mit einer Geldstrafe von 450\u20ac geahndet. Zus\u00e4tzliche Besucher, die die H\u00f6chstzahl von 6 G\u00e4sten \u00fcberschreiten, sind auf unserem Grundst\u00fcck nur mit vorheriger schriftlicher Genehmigung der Hausverwaltung gestattet.<br\/><\/li>\n\n\n\n<li><strong>Pflege des Eigentums:<\/strong> Der Gast verpflichtet sich, die Immobilie mit Sorgfalt und Respekt zu behandeln und sie sauber und in gutem Zustand zu halten. G\u00e4ste d\u00fcrfen die M\u00f6bel nicht entfernen oder umstellen.<br\/><\/li>\n\n\n\n<li><strong>Besch\u00e4digung von Eigentum:<\/strong> F\u00fcr jeglichen Missbrauch, Schaden oder Verlust, der durch den Gast oder seine G\u00e4ste verursacht wird, tr\u00e4gt der Gast die finanzielle Verantwortung. Sch\u00e4den, die bei der Abfahrtskontrolle festgestellt werden, werden in Rechnung gestellt.<br\/><\/li>\n\n\n\n<li><strong>Stornierung der Buchung: <\/strong>Die Nichteinhaltung aller oben genannten Hausregeln kann zur sofortigen Stornierung der Buchung f\u00fchren und ist ein Grund f\u00fcr die R\u00e4umung unseres Mietobjekts ohne R\u00fcckerstattung.<br\/><\/li>\n\n\n\n<li><strong>Verzicht auf Haftung:<\/strong> Der Gast \u00fcbernimmt das gesamte Risiko von Verletzungen oder anderen Verlusten, die sich aus der Nutzung des Grundst\u00fccks ergeben, und erkl\u00e4rt sich damit einverstanden, den Hauseigent\u00fcmer oder seine Vertreter von jeglichen Anspr\u00fcchen freizustellen, die sich auf den Gast oder auf Parteien beziehen, die vom Gast auf das Grundst\u00fcck eingeladen wurden.<br\/><\/li>\n\n\n\n<li><strong>Check-In Zeit:<\/strong> 16 Uhr<br\/><\/li>\n\n\n\n<li><strong>Check-Out Zeit:<\/strong> 11 Uhr<\/li>\n<\/ul>\n\n<p><strong>2. ZAHLUNGSPLAN<\/strong><\/p>\n\n<p>100% f\u00e4llig zum Zeitpunkt der Buchung.  <\/p>\n\n<p><strong>3. STORNIERUNGSPOLITIK<\/strong><\/p>\n\n<p>100% der geleisteten Anzahlungen werden zur\u00fcckerstattet, wenn Sie 30 Tage vor der Ankunft oder fr\u00fcher stornieren.<\/p>\n\n<p>50% der geleisteten Anzahlungen werden zur\u00fcckerstattet, wenn Sie 14 Tage vor der Ankunft oder fr\u00fcher stornieren.<\/p>\n\n<p>0% R\u00fcckerstattung bei Stornierung nach.<\/p>\n\n<p><strong>4. KAUTION<\/strong><\/p>\n\n<p>Eine Vorautorisierung in H\u00f6he von 250\u20ac wird 1 Tag vor der Ankunft einbehalten und 2 Tage nach der Abreise annulliert.<\/p>\n\n<h2 class=\"wp-block-heading\">Anweisungen zum Einchecken<\/h2>\n\n<p>Wir hoffen, dass diese Hinweise Ihren Aufenthalt bereichern werden. Wenn Sie Fragen haben oder Probleme auftreten, k\u00f6nnen Sie uns gerne unter +351 925 975 416 (per WhatsApp) oder per E-Mail an <a href=\"mailto:Host@SunSeaBreeze.com\">Host@SunSeaBreeze.com erreichen.<\/a><\/p>\n\n<p><strong>1. Pers\u00f6nlicher Zugangscode:<\/strong> Die G\u00e4ste erhalten einen pers\u00f6nlichen Zugangscode zum Aufschlie\u00dfen der T\u00fcr<br\/>und betreten das Haus. Dieser Code ist ausschlie\u00dflich f\u00fcr Ihren Gebrauch bestimmt und sollte nicht an andere weitergegeben werden. Die<br\/>Der Code wird am Anreisetag zur Check-in-Zeit (16 Uhr) aktiviert und wird automatisch<br\/>5 Minuten nach der Check-out-Zeit (11:05 Uhr) deaktiviert. F\u00fcr den Fall, dass der Code nicht funktioniert<br\/>kontaktieren Sie uns bitte sofort unter der unten angegebenen Notrufnummer.<br\/><br\/><strong>2. WiFi-Verbindung: <\/strong>F\u00fcr Ihren Komfort steht Ihnen ein kostenloser drahtloser Internetzugang zur Verf\u00fcgung. Verbinden Sie<br\/>mit unserem Hochgeschwindigkeits-WiFi-Netzwerk verbinden, indem Sie die Angaben auf dem WiFi-Anleitungsblatt auf dem Couchtisch im Wohnzimmer verwenden. Wenn Sie Probleme mit der Verbindung haben, k\u00f6nnen Sie das Modem und den Router in den Ablagekorb unter dem Fernseher legen. Um einen Neustart durchzuf\u00fchren, trennen Sie das Modem und den Router von der Stromversorgung. Warten Sie 10 Sekunden und schlie\u00dfen Sie zuerst das Modem und dann den WLAN-Router an.<br\/><br\/><strong>3. Unterhaltungszentrum (TV):<\/strong> Das Haus verf\u00fcgt \u00fcber zwei Kabelfernseher, einen im Wohnzimmer und den<br\/>andere im Spielzimmer. Genie\u00dfen Sie Ihre Lieblingssendungen!<\/p>\n\n<ul class=\"wp-block-list\">\n<li>  Schalten Sie den Fernseher mit der (kleinen) Kabelfernbedienung ein, indem Sie die Power-Taste dr\u00fccken.<br\/><\/li>\n\n\n\n<li>Sie k\u00f6nnen auch die Power-Taste an der Seite des Fernsehers verwenden, um ihn einzuschalten.<br\/><\/li>\n\n\n\n<li>Falls es nicht funktioniert, dr\u00fccken Sie Input, um sicherzustellen, dass als Quelle HDMI 2 ausgew\u00e4hlt ist.  <br\/><\/li>\n\n\n\n<li>Benutzen Sie die (kleine) Kabelfernbedienung zum Sendersurfen.<\/li>\n<\/ul>\n\n<p><strong>4. Geschirrsp\u00fcler: <\/strong>Sparen Sie Zeit bei der Reinigung und lassen Sie den Geschirrsp\u00fcler die Arbeit machen.<\/p>\n\n<ul class=\"wp-block-list\">\n<li>Sp\u00fclen Sie das Geschirr ab, bevor Sie es in den Geschirrsp\u00fcler stellen.<br\/><\/li>\n\n\n\n<li>Verwenden Sie die unter der Sp\u00fcle befindlichen Reinigungsmittelkapseln f\u00fcr den Geschirrsp\u00fcler.<br\/><\/li>\n\n\n\n<li>Starten Sie den Geschirrsp\u00fcler und entspannen Sie sich!<\/li>\n<\/ul>\n\n<p><strong>5. W\u00e4schereieinrichtungen:<\/strong> Halten Sie Ihre Kleidung w\u00e4hrend Ihres Aufenthalts frisch.<\/p>\n\n<ul class=\"wp-block-list\">\n<li>Waschmaschine: Legen Sie Ihre W\u00e4sche ein, f\u00fcgen Sie ein Waschmittelblatt hinzu und w\u00e4hlen Sie das gew\u00fcnschte Programm.<br\/><\/li>\n\n\n\n<li>Ein Trockner steht Ihnen zur Verf\u00fcgung. Beachten Sie jedoch, dass die Stromkosten in Europa sehr hoch sind. Daher steht Ihnen ein W\u00e4schest\u00e4nder zur Verf\u00fcgung, um die Natur und die Sonne zum Trocknen Ihrer Kleidung zu nutzen. Wenn Sie den Trockner benutzen m\u00fcssen, legen Sie die W\u00e4sche hinein, w\u00e4hlen Sie die entsprechenden Einstellungen und starten Sie ihn. Da es sich um einen Kondenstrockner handelt, entsorgen Sie bitte das Wasser nach jedem Gebrauch und reinigen Sie auch den Flusensammler.<\/li>\n<\/ul>\n\n<p><strong>6. Fensterbedienung: <\/strong>Alle Au\u00dfenfenster\/-t\u00fcren (mit Ausnahme der Haupt- und Seiteneing\u00e4nge) sind als Drehkippfenster ausgef\u00fchrt. Bitte befolgen Sie diese Anweisungen zur Bedienung: Bitte beachten Sie: Vor dem Drehen des Griffs muss das Fenster in jedem Fall geschlossen sein.<\/p>\n\n<p><img loading=\"lazy\" decoding=\"async\" alt=\"Bild\" src=\"https:\/\/lh7-us.googleusercontent.com\/docsz\/AD_4nXc2873mj0IzYt23pd3VkXaDimo9XNSoFw4kvSTEVWojk8UwMvj_TXtxsHkC8dajXi3de398el45ea76IbbuZigPkE4TeVamie3BLlJeJxmJAUszSyM_Jqty3mSJ5I6lHe8fspOULsXSf8LHQioi-kdpKEqwzprWLxxMM8K6Nd6DP4faCagaEw?key=oAlQbcnCBDxmUwkwU01KNA\" width=\"268\" height=\"178\"\/><\/p>\n\n<ul class=\"wp-block-list\">\n<li><strong>Offen f\u00fcr die Wendeposition<\/strong><br\/>Um das Fenster in der Kippstellung zu \u00f6ffnen, drehen Sie den Griff einfach um neunzig Grad, so dass er in die Mitte des \u00d6ffners zeigt, und ziehen Sie ihn zu sich heran. Das Fenster dreht sich zu Ihnen hin, ist seitlich angeschlagen und l\u00e4sst sich um neunzig Grad \u00f6ffnen.<br\/><\/li>\n\n\n\n<li><strong>Zur Kippstellung \u00f6ffnen<\/strong><br\/>Um das Fenster in die Drehstellung zu \u00f6ffnen, drehen Sie den Griff so, dass er nach oben zeigt und ziehen Sie ihn zu sich heran. Das Fenster kippt von unten zu Ihnen hin und stoppt, wenn es etwa zehn Zentimeter erreicht hat.<br\/><\/li>\n\n\n\n<li><strong>Schlie\u00dfen Sie das Fenster: <\/strong>Um das Fenster in seiner geschlossenen Position zu verriegeln, drehen Sie den Griff so, dass er nach unten zeigt.<\/li>\n<\/ul>\n\n<p><strong>7. Kontakte f\u00fcr Notf\u00e4lle: <\/strong>F\u00fcr dringende Angelegenheiten oder Notf\u00e4lle wenden Sie sich bitte an die unten aufgef\u00fchrten Kontakte:<\/p>\n\n<ul class=\"wp-block-list\">\n<li>Hausverwaltung: [Name: XXXX, Telefonnummer: XXXX, E-Mail: XXXX.com]<br\/><\/li>\n\n\n\n<li>Notfalldienste: XXX<\/li>\n<\/ul>\n\n<p><strong>8. Hausordnung: <\/strong>Bitte machen Sie sich mit unserer Hausordnung vertraut, die Sie im G\u00e4stehandbuch finden. Ein Versto\u00df gegen die Hausregeln kann dazu f\u00fchren, dass der Gast aufgefordert wird, das Haus sofort zu verlassen, oder dass er des Hauses verwiesen wird. In diesem Fall verwirkt der Gast alle Rechte auf R\u00fcckerstattung der nicht genutzten Mietgeb\u00fchren.<\/p>\n\n<h2 class=\"wp-block-heading\">Anweisungen zum Check-Out<\/h2>\n\n<p><strong>1. Check-Out-Zeit:<\/strong> Bitte halten Sie sich an die vereinbarte Check-Out-Zeit, die 11 Uhr betr\u00e4gt. So k\u00f6nnen wir den Raum rechtzeitig f\u00fcr unsere n\u00e4chsten G\u00e4ste vorbereiten. Bei nicht genehmigter versp\u00e4teter Abreise wird f\u00fcr jede halbe Stunde Versp\u00e4tung eine Geb\u00fchr in H\u00f6he von 5% des \u00dcbernachtungspreises erhoben. Nach vorheriger Ank\u00fcndigung werden die Vertreter des Gastgebers versuchen, fr\u00fche Ank\u00fcnfte und sp\u00e4te Check-outs zu erm\u00f6glichen. Bitte beachten Sie, dass der T\u00fcrcode 5 Minuten nach der Check-out-Zeit (11:05 Uhr) automatisch deaktiviert wird.<br\/><br\/><strong>2. Aufr\u00e4umen:<\/strong> Bitte r\u00e4umen Sie den Raum auf, bevor Sie ihn verlassen.<br\/><br\/>Dies beinhaltet:<\/p>\n\n<ul class=\"wp-block-list\">\n<li>Sp\u00fclen und Einr\u00e4umen von Geschirr.<\/li>\n\n\n\n<li>Stellen Sie das gesamte schmutzige Geschirr in den Geschirrsp\u00fcler und lassen Sie ihn laufen, bevor Sie gehen.<\/li>\n\n\n\n<li>Bringen Sie den M\u00fcll raus und werfen Sie ihn in die daf\u00fcr vorgesehenen Beh\u00e4lter. Die M\u00fclltonnen der Gemeinde befinden sich am oberen Ende der Stra\u00dfe.<\/li>\n<\/ul>\n\n<p><strong>3. Gebrauchte Bettw\u00e4sche und Handt\u00fccher:<\/strong> Legen Sie gebrauchte Handt\u00fccher und Decken in den W\u00e4schekorb im Schlafzimmerschrank. Wenn Sie etwas versch\u00fcttet oder verschmutzt haben, informieren Sie uns bitte.<br\/><br\/><strong>4. Haushaltsger\u00e4te:<\/strong> Stellen Sie sicher, dass alle Ger\u00e4te (Herd, Ofen, Mikrowelle usw.) ausgeschaltet sind.<\/p>\n\n<p><strong>5.<\/strong> <strong>Lichter und Elektronik:<\/strong> Schalten Sie alle Lichter und elektronischen Ger\u00e4te (Ventilatoren, Heizungen, etc.) aus.<\/p>\n\n<p><strong>6. Fenster und T\u00fcren:<\/strong> Schlie\u00dfen und verriegeln Sie alle Fenster und T\u00fcren sicher.<br\/><br\/><strong>Zum Verschlie\u00dfen der T\u00fcr:<\/strong><\/p>\n\n<ul class=\"wp-block-list\">\n<li>Schlie\u00dfen Sie die T\u00fcr fest.<br\/><\/li>\n\n\n\n<li>Wecken Sie das Tastenfeld auf, indem Sie es ber\u00fchren.<br\/><\/li>\n\n\n\n<li>Dr\u00fccken Sie die Sperrtaste unten rechts. (Bitte best\u00e4tigen Sie Corinne, dass dieser Schritt notwendig ist)<\/li>\n<\/ul>\n\n<p><strong>7. R\u00fcckmeldung:<\/strong> Wir sch\u00e4tzen Ihr Feedback! Wenn es etwas gibt, das wir verbessern k\u00f6nnen, oder wenn Sie eine positive Erfahrung gemacht haben, lassen Sie es uns bitte wissen, indem Sie uns eine E-Mail an Host@SunSeaBreezeVilla.com schreiben.<br\/><br\/><strong>8. Verloren und gefunden:<\/strong> \u00dcberpr\u00fcfen Sie den Raum nach pers\u00f6nlichen Gegenst\u00e4nden. Wenn Sie etwas zur\u00fccklassen, kontaktieren Sie uns so schnell wie m\u00f6glich.<br\/><br\/><strong>9.<\/strong> <strong>Kontaktinformationen:<\/strong> Wenn Sie Fragen haben oder Probleme beim Check-out auftreten, k\u00f6nnen Sie uns gerne unter +351 925 975 416 (per WhatsApp) oder per E-Mail an <a href=\"mailto:Host@SunSeaBreezeVilla.com\" title=\"\">Host@SunSeaBreeze.com erreichen.<\/a><\/p>\n","protected":false},"excerpt":{"rendered":"<p>Politiken 1. ALLGEMEINE RICHTLINIEN: 2. ZAHLUNGSPLAN 100% f\u00e4llig zum Zeitpunkt der Buchung. 3. STORNIERUNGSPOLITIK 100% der geleisteten Anzahlungen werden zur\u00fcckerstattet, wenn Sie 30 Tage vor der Ankunft oder fr\u00fcher stornieren. 50% der geleisteten Anzahlungen werden zur\u00fcckerstattet, wenn Sie 14 Tage vor der Ankunft oder fr\u00fcher stornieren. 0% R\u00fcckerstattung bei Stornierung nach. 4. KAUTION Eine Vorautorisierung [&hellip;]<\/p>\n","protected":false},"author":1,"featured_media":0,"parent":0,"menu_order":0,"comment_status":"closed","ping_status":"closed","template":"","meta":{"inline_featured_image":false,"_monsterinsights_skip_tracking":false,"_monsterinsights_sitenote_active":false,"_monsterinsights_sitenote_note":"","_monsterinsights_sitenote_category":0,"footnotes":""},"class_list":["post-3186","page","type-page","status-publish","hentry"],"aioseo_notices":[],"_links":{"self":[{"href":"https:\/\/sunseabreezevilla.com\/de\/wp-json\/wp\/v2\/pages\/3186"}],"collection":[{"href":"https:\/\/sunseabreezevilla.com\/de\/wp-json\/wp\/v2\/pages"}],"about":[{"href":"https:\/\/sunseabreezevilla.com\/de\/wp-json\/wp\/v2\/types\/page"}],"author":[{"embeddable":true,"href":"https:\/\/sunseabreezevilla.com\/de\/wp-json\/wp\/v2\/users\/1"}],"replies":[{"embeddable":true,"href":"https:\/\/sunseabreezevilla.com\/de\/wp-json\/wp\/v2\/comments?post=3186"}],"version-history":[{"count":1,"href":"https:\/\/sunseabreezevilla.com\/de\/wp-json\/wp\/v2\/pages\/3186\/revisions"}],"predecessor-version":[{"id":3187,"href":"https:\/\/sunseabreezevilla.com\/de\/wp-json\/wp\/v2\/pages\/3186\/revisions\/3187"}],"wp:attachment":[{"href":"https:\/\/sunseabreezevilla.com\/de\/wp-json\/wp\/v2\/media?parent=3186"}],"curies":[{"name":"wp","href":"https:\/\/api.w.org\/{rel}","templated":true}]}}