{"id":3184,"date":"2024-06-26T14:59:34","date_gmt":"2024-06-26T14:59:34","guid":{"rendered":"https:\/\/sunseabreezevilla.com\/politicas-y-normas\/"},"modified":"2024-07-18T01:40:23","modified_gmt":"2024-07-18T01:40:23","slug":"politicas-y-normas","status":"publish","type":"page","link":"https:\/\/sunseabreezevilla.com\/es\/politicas-y-normas\/","title":{"rendered":"Pol\u00edticas y normas"},"content":{"rendered":"\n<h2 class=\"wp-block-heading\">Pol\u00edticas<\/h2>\n\n<p><strong>1. POL\u00cdTICAS GENERALES:<\/strong><\/p>\n\n<ul class=\"wp-block-list\">\n<li><strong>Prohibido fumar: <\/strong>Est\u00e1 estrictamente prohibido fumar dentro de la propiedad. La infracci\u00f3n por fumar (incluyendo tabaco, cannnabis, e-cigarrillos) conllevar\u00e1 una multa de 450\u20ac.<br\/><\/li>\n\n\n\n<li><strong>No se admiten animales:<\/strong> No se admiten mascotas en el recinto. La infracci\u00f3n dar\u00e1 lugar a una multa de 450 euros.<br\/><\/li>\n\n\n\n<li><strong>Prohibido celebrar fiestas\/eventos:<\/strong> Est\u00e1 prohibido celebrar fiestas o eventos sin consentimiento previo por escrito. La infracci\u00f3n conllevar\u00e1 el desalojo inmediato y una multa de 1000\u20ac.<br\/><\/li>\n\n\n\n<li><strong>Condiciones del alquiler:<\/strong> La duraci\u00f3n del alquiler ser\u00e1 la de las fechas reservadas. El Hu\u00e9sped Responsable (que hace la reserva) confirma que tiene 25 a\u00f1os o m\u00e1s y que est\u00e1 garantizando el alquiler a corto plazo para su uso personal. No se aceptan reservas en nombre de terceros y se anular\u00e1n sin derecho a reembolso. La inclusi\u00f3n de los nombres de los hu\u00e9spedes adicionales debe facilitarse antes de la llegada. La no revelaci\u00f3n de los nombres de todos los invitados dar\u00e1 lugar a la cancelaci\u00f3n.<br\/><\/li>\n\n\n\n<li><strong>Acuerdo completo: <\/strong>El presente Acuerdo constituye el acuerdo \u00edntegro de las partes y sustituye a todos los acuerdos orales o escritos anteriores o contempor\u00e1neos relativos a este asunto.<br\/><\/li>\n\n\n\n<li><strong>Documento de identidad oficial: <\/strong>Por motivos generales de seguridad, para reservar con nosotros se requiere un documento de identidad oficial.<br\/><\/li>\n\n\n\n<li><strong>Reprogramaci\u00f3n de fechas:<\/strong> No se permite reprogramar las fechas de reserva en los 30 d\u00edas anteriores a tu llegada.<br\/><\/li>\n\n\n\n<li><strong>Aparcamiento: <\/strong>Los hu\u00e9spedes pueden aparcar delante de la casa. Aseg\u00farate de no bloquear el camino de entrada ni restringir el flujo de tr\u00e1fico a lo largo de la estrecha calle. Los hu\u00e9spedes no pueden aparcar caravanas ni autocaravanas en la propiedad.<br\/><\/li>\n\n\n\n<li><strong>Dispositivo de Detecci\u00f3n de Ruido: <\/strong>Esta propiedad puede utilizar la tecnolog\u00eda de Monitorizaci\u00f3n de Ruido Minut para garantizar la comodidad y seguridad del hu\u00e9sped. La manipulaci\u00f3n del dispositivo est\u00e1 estrictamente prohibida y dar\u00e1 lugar a una multa de 200 euros. Este dispositivo NO graba sonidos ni conversaciones reales, simplemente controla el nivel de ruido (medido en decibelios).<br\/><\/li>\n\n\n\n<li><strong>C\u00e1mara de seguridad CCTV:<\/strong> Hay 2 c\u00e1maras de seguridad en las zonas de entrada exteriores de la propiedad. Tambi\u00e9n hay una 3\u00aa c\u00e1mara en el garaje subterr\u00e1neo. El uso de esta zona del garaje est\u00e1 prohibido a los Hu\u00e9spedes.<br\/><\/li>\n\n\n\n<li><strong>Horas de silencio: <\/strong>Por favor, respeta las horas de silencio de 22:00 a 8:00. En el interior del apartamento hay un dispositivo de detecci\u00f3n de ruido que avisar\u00e1 al anfitri\u00f3n si el ruido supera los l\u00edmites de volumen.<br\/><\/li>\n\n\n\n<li><strong>L\u00edmite de Invitados<\/strong>: 6 Invitados como m\u00e1ximo. Las infracciones por superar el l\u00edmite de invitados dar\u00e1n lugar a una multa de 450 euros. No se permiten visitas adicionales que superen el l\u00edmite de 6 hu\u00e9spedes en nuestra propiedad sin el consentimiento previo por escrito del administrador de la propiedad del condominio.<br\/><\/li>\n\n\n\n<li><strong>Cuidado de la propiedad:<\/strong> El Hu\u00e9sped se compromete a tratar la propiedad con cuidado y respeto, manteni\u00e9ndola limpia y en buen estado. Los invitados no podr\u00e1n quitar ni cambiar los muebles de sitio.<br\/><\/li>\n\n\n\n<li><strong>Da\u00f1os a la propiedad:<\/strong> Cualquier mal uso, da\u00f1o o p\u00e9rdida causados por el Hu\u00e9sped o sus invitados ser\u00e1 responsabilidad financiera del Hu\u00e9sped. Se cobrar\u00e1n los da\u00f1os que se encuentren en la inspecci\u00f3n de salida.<br\/><\/li>\n\n\n\n<li><strong>Cancelaci\u00f3n de la reserva: <\/strong>El incumplimiento de todas las pol\u00edticas anteriores de la casa puede dar lugar a la cancelaci\u00f3n inmediata de la reserva y es causa de desalojo de nuestra propiedad de alquiler sin derecho a reembolso.<br\/><\/li>\n\n\n\n<li><strong>Exenci\u00f3n de responsabilidad:<\/strong> El Hu\u00e9sped asume todos los riesgos de lesiones u otras p\u00e9rdidas resultantes de cualquier uso de la propiedad, y acepta indemnizar y eximir de responsabilidad al propietario o a sus agentes frente a cualquier reclamaci\u00f3n relacionada con el Hu\u00e9sped o las partes invitadas a la propiedad por el Hu\u00e9sped.<br\/><\/li>\n\n\n\n<li><strong>Hora de entrada:<\/strong> 16:00<br\/><\/li>\n\n\n\n<li><strong>Hora de salida:<\/strong> 11 h<\/li>\n<\/ul>\n\n<p><strong>2. CALENDARIO DE PAGOS<\/strong><\/p>\n\n<p>100% a pagar en el momento de la reserva.  <\/p>\n\n<p><strong>3. POL\u00cdTICA DE CANCELACI\u00d3N<\/strong><\/p>\n\n<p>Se reembolsa el 100% de los pagos anticipados si se cancela 30 d\u00edas antes de la llegada o antes.<\/p>\n\n<p>Se reembolsa el 50% de los pagos anticipados si se cancela 14 d\u00edas antes de la llegada o antes.<\/p>\n\n<p>0% reembolsable si se cancela despu\u00e9s.<\/p>\n\n<p><strong>4. FIANZA<\/strong><\/p>\n\n<p>Se retiene una preautorizaci\u00f3n de 250 euros 1 d\u00eda antes de la llegada y se anula 2 d\u00edas despu\u00e9s de la salida.<\/p>\n\n<h2 class=\"wp-block-heading\">Instrucciones de facturaci\u00f3n<\/h2>\n\n<p>Esperamos que estas instrucciones mejoren tu estancia. Si tienes alguna pregunta o te surge alg\u00fan problema, no dudes en ponerte en contacto con nosotros llamando al +351 925 975 416 (v\u00eda WhatsApp) o enviando un correo electr\u00f3nico <a href=\"mailto:Host@SunSeaBreeze.com\">a Host@SunSeaBreeze.com.<\/a><\/p>\n\n<p><strong>1. C\u00f3digo de acceso personal:<\/strong> Los hu\u00e9spedes recibir\u00e1n un c\u00f3digo de acceso personal para desbloquear la puerta<br\/>y entra en la casa. Este c\u00f3digo es estrictamente para tu uso y no debes compartirlo con otras personas. En<br\/>El c\u00f3digo se activar\u00e1 el d\u00eda de la llegada a la hora de facturaci\u00f3n (16.00 h) y ser\u00e1 autom\u00e1ticamente<br\/>desactivado 5 minutos despu\u00e9s de la hora de salida (11:05 h). En caso de que el c\u00f3digo no funcione<br\/>ponte en contacto con nosotros inmediatamente en el n\u00famero de contacto de emergencia que aparece a continuaci\u00f3n.<br\/><br\/><strong>2. Conexi\u00f3n WiFi: <\/strong>Para tu comodidad, hay conexi\u00f3n inal\u00e1mbrica a Internet de acceso gratuito. Conecta<br\/>a nuestra red WiFi de alta velocidad utilizando los datos que figuran en la hoja de instrucciones WiFi que hay en la mesita del sal\u00f3n. Si tienes problemas para conectarte, el m\u00f3dem y el router se encuentran en el cesto de utensilios debajo del televisor. Para reiniciar, desconecta la alimentaci\u00f3n del m\u00f3dem y del router. Espera 10 segundos y conecta primero el m\u00f3dem y luego el router inal\u00e1mbrico.<br\/><br\/><strong>3. Centro de entretenimiento (TV):<\/strong> La casa dispone de dos televisores por cable, uno en el sal\u00f3n y el<br\/>otra en la sala de juegos. \u00a1Disfruta de tus programas favoritos!<\/p>\n\n<ul class=\"wp-block-list\">\n<li>  Enciende el televisor con el mando a distancia por cable (peque\u00f1o) pulsando el bot\u00f3n de encendido.<br\/><\/li>\n\n\n\n<li>Tambi\u00e9n puedes utilizar el bot\u00f3n de encendido del lateral del televisor para encenderlo.<br\/><\/li>\n\n\n\n<li>En caso de que no funcione, pulsa Entrada, para asegurarte de que la fuente est\u00e1 seleccionada en HDMI 2.  <br\/><\/li>\n\n\n\n<li>Utiliza el mando a distancia del cable (peque\u00f1o) para navegar por los canales.<\/li>\n<\/ul>\n\n<p><strong>4. Lavavajillas: <\/strong>Ahorra tiempo en la limpieza; deja que el lavavajillas haga el trabajo.<\/p>\n\n<ul class=\"wp-block-list\">\n<li>Aclara los platos antes de meterlos en el lavavajillas.<br\/><\/li>\n\n\n\n<li>Utiliza las pastillas de detergente para lavavajillas que hay debajo del fregadero.<br\/><\/li>\n\n\n\n<li>\u00a1Pon en marcha el lavavajillas y rel\u00e1jate!<\/li>\n<\/ul>\n\n<p><strong>5. Lavander\u00eda:<\/strong> Mant\u00e9n tu ropa limpia durante tu estancia.<\/p>\n\n<ul class=\"wp-block-list\">\n<li>Lavadora: Carga la ropa, a\u00f1ade la hoja de detergente y selecciona el ciclo deseado.<br\/><\/li>\n\n\n\n<li>Hay una secadora a tu disposici\u00f3n. Sin embargo, ten en cuenta que en Europa el coste de la electricidad es elevado, por lo que tienes a tu disposici\u00f3n un tendedero para aprovechar la naturaleza y el sol para secar tu ropa. Si tienes que utilizar la secadora, coloca la ropa dentro, elige los ajustes adecuados y ponla en marcha. Se trata de una secadora de condensaci\u00f3n, por lo que te rogamos que elimines el agua despu\u00e9s de cada uso y limpies tambi\u00e9n el filtro de pelusas.<\/li>\n<\/ul>\n\n<p><strong>6. Funcionamiento de las ventanas: <\/strong>Todas las ventanas\/puertas exteriores (excluidas las entradas principal y lateral) tienen un dise\u00f1o oscilobatiente. Sigue estas instrucciones para utilizarla: Nota: En todos los casos, antes de girar la manivela, la ventana debe estar cerrada.<\/p>\n\n<p><img loading=\"lazy\" decoding=\"async\" alt=\"imagen\" src=\"https:\/\/lh7-us.googleusercontent.com\/docsz\/AD_4nXc2873mj0IzYt23pd3VkXaDimo9XNSoFw4kvSTEVWojk8UwMvj_TXtxsHkC8dajXi3de398el45ea76IbbuZigPkE4TeVamie3BLlJeJxmJAUszSyM_Jqty3mSJ5I6lHe8fspOULsXSf8LHQioi-kdpKEqwzprWLxxMM8K6Nd6DP4faCagaEw?key=oAlQbcnCBDxmUwkwU01KNA\" width=\"268\" height=\"178\"\/><\/p>\n\n<ul class=\"wp-block-list\">\n<li><strong>Abierto a la posici\u00f3n de giro<\/strong><br\/>Para abrir la ventana en su posici\u00f3n abatible, s\u00f3lo tienes que girar la manilla noventa grados para que apunte al centro del abridor y tirar hacia ti. La ventana se girar\u00e1 hacia ti, se abisagrar\u00e1 lateralmente y se abrir\u00e1 a noventa grados.<br\/><\/li>\n\n\n\n<li><strong>Abierto a la posici\u00f3n de inclinaci\u00f3n<\/strong><br\/>Para abrir la ventana en su posici\u00f3n de giro, gira la manilla de modo que apunte hacia arriba y tira hacia ti. La ventana se inclinar\u00e1 hacia ti, articulada desde abajo, y se detendr\u00e1 cuando alcance unos diez cent\u00edmetros.<br\/><\/li>\n\n\n\n<li><strong>Cierra la ventana: <\/strong>Para bloquear la ventana en posici\u00f3n cerrada, gira la manilla de modo que apunte hacia abajo.<\/li>\n<\/ul>\n\n<p><strong>7. Contactos de emergencia: <\/strong>Para cualquier asunto urgente o emergencia, consulta los contactos que se indican a continuaci\u00f3n:<\/p>\n\n<ul class=\"wp-block-list\">\n<li>Administrador de la propiedad: [Nombre: XXXX, Tel\u00e9fono: XXXX, Email: XXXX.com].<br\/><\/li>\n\n\n\n<li>Servicios de Emergencia: XXX<\/li>\n<\/ul>\n\n<p><strong>8. Normas de la casa: <\/strong>Familiar\u00edzate con las normas de la casa que figuran en el manual del hu\u00e9sped. La infracci\u00f3n de las Normas de la Casa puede dar lugar a que se pida al Hu\u00e9sped que desaloje inmediatamente la propiedad, o a que se le expulse, en cuyo caso el Hu\u00e9sped perder\u00e1 todo derecho a la devoluci\u00f3n de las tarifas de alquiler no utilizadas.<\/p>\n\n<h2 class=\"wp-block-heading\">Instrucciones de salida<\/h2>\n\n<p><strong>1. Hora de salida:<\/strong> Por favor, respeta la hora de salida acordada, que es a las 11 de la ma\u00f1ana. Esto nos permite preparar el espacio para nuestros pr\u00f3ximos invitados con prontitud. Las salidas tard\u00edas no aprobadas dar\u00e1n lugar a un cargo del 5% de la tarifa nocturna por cada media hora de retraso en la salida. Si se avisa con antelaci\u00f3n, los representantes del Anfitri\u00f3n intentar\u00e1n adaptarse a las llegadas anticipadas y a las salidas tard\u00edas. Ten en cuenta que el c\u00f3digo de la puerta se desactivar\u00e1 autom\u00e1ticamente 5 minutos despu\u00e9s de la hora de salida (11:05 h).<br\/><br\/><strong>2. Limpieza:<\/strong> Por favor, ordena el espacio antes de marcharte.<br\/><br\/>Esto incluye<\/p>\n\n<ul class=\"wp-block-list\">\n<li>Lavar y guardar los platos.<\/li>\n\n\n\n<li>Mete toda la vajilla sucia en el lavavajillas y ponlo en marcha antes de salir.<\/li>\n\n\n\n<li>Sacar la basura y depositarla en los contenedores designados. Los cubos de basura comunitarios est\u00e1n situados en la parte superior de la calle.<\/li>\n<\/ul>\n\n<p><strong>3. S\u00e1banas y toallas usadas:<\/strong> Deposita las toallas y mantas usadas en el cesto de la ropa sucia del armario de la habitaci\u00f3n. Si hay derrames o manchas, av\u00edsanos.<br\/><br\/><strong>4. Electrodom\u00e9sticos:<\/strong> Aseg\u00farate de que todos los aparatos (cocina, horno, microondas, etc.) est\u00e1n apagados.<\/p>\n\n<p><strong>5.<\/strong> <strong>Luces y aparatos electr\u00f3nicos:<\/strong> Apaga todas las luces y aparatos electr\u00f3nicos (ventiladores, calefactores, etc.).<\/p>\n\n<p><strong>6. Ventanas y puertas:<\/strong> Cierra y bloquea bien todas las ventanas y puertas.<br\/><br\/><strong>Para cerrar la puerta:<\/strong><\/p>\n\n<ul class=\"wp-block-list\">\n<li>Cierra bien la puerta.<br\/><\/li>\n\n\n\n<li>Despierta el teclado toc\u00e1ndolo.<br\/><\/li>\n\n\n\n<li>Pulsa el bot\u00f3n de bloqueo de la parte inferior derecha. (NB Corinne para confirmar que este paso es necesario)<\/li>\n<\/ul>\n\n<p><strong>7. Comentarios:<\/strong> Valoramos tus comentarios. Si hay algo que podamos mejorar o si tuviste una experiencia positiva, h\u00e1znoslo saber escribi\u00e9ndonos un correo electr\u00f3nico a Host@SunSeaBreezeVilla.com.<br\/><br\/><strong>8. Objetos perdidos:<\/strong> Comprueba el espacio para objetos personales. Si te dejas algo, ponte en contacto con nosotros lo antes posible.<br\/><br\/><strong>9.<\/strong> <strong>Informaci\u00f3n de contacto:<\/strong> Si tienes alguna pregunta o surgen problemas durante el pago, no dudes en ponerte en contacto con nosotros en el +351 925 975 416 (v\u00eda WhatsApp) o por correo electr\u00f3nico <a href=\"mailto:Host@SunSeaBreezeVilla.com\" title=\"\">a Host@SunSeaBreeze.com.<\/a><\/p>\n","protected":false},"excerpt":{"rendered":"<p>Pol\u00edticas 1. POL\u00cdTICAS GENERALES: 2. CALENDARIO DE PAGOS 100% a pagar en el momento de la reserva. 3. POL\u00cdTICA DE CANCELACI\u00d3N Se reembolsa el 100% de los pagos anticipados si se cancela 30 d\u00edas antes de la llegada o antes. Se reembolsa el 50% de los pagos anticipados si se cancela 14 d\u00edas antes de [&hellip;]<\/p>\n","protected":false},"author":1,"featured_media":0,"parent":0,"menu_order":0,"comment_status":"closed","ping_status":"closed","template":"","meta":{"inline_featured_image":false,"_monsterinsights_skip_tracking":false,"_monsterinsights_sitenote_active":false,"_monsterinsights_sitenote_note":"","_monsterinsights_sitenote_category":0,"footnotes":""},"class_list":["post-3184","page","type-page","status-publish","hentry"],"aioseo_notices":[],"_links":{"self":[{"href":"https:\/\/sunseabreezevilla.com\/es\/wp-json\/wp\/v2\/pages\/3184"}],"collection":[{"href":"https:\/\/sunseabreezevilla.com\/es\/wp-json\/wp\/v2\/pages"}],"about":[{"href":"https:\/\/sunseabreezevilla.com\/es\/wp-json\/wp\/v2\/types\/page"}],"author":[{"embeddable":true,"href":"https:\/\/sunseabreezevilla.com\/es\/wp-json\/wp\/v2\/users\/1"}],"replies":[{"embeddable":true,"href":"https:\/\/sunseabreezevilla.com\/es\/wp-json\/wp\/v2\/comments?post=3184"}],"version-history":[{"count":1,"href":"https:\/\/sunseabreezevilla.com\/es\/wp-json\/wp\/v2\/pages\/3184\/revisions"}],"predecessor-version":[{"id":3185,"href":"https:\/\/sunseabreezevilla.com\/es\/wp-json\/wp\/v2\/pages\/3184\/revisions\/3185"}],"wp:attachment":[{"href":"https:\/\/sunseabreezevilla.com\/es\/wp-json\/wp\/v2\/media?parent=3184"}],"curies":[{"name":"wp","href":"https:\/\/api.w.org\/{rel}","templated":true}]}}