{"id":3179,"date":"2024-06-26T14:59:34","date_gmt":"2024-06-26T14:59:34","guid":{"rendered":"https:\/\/sunseabreezevilla.com\/politiques-et-regles\/"},"modified":"2024-07-18T01:40:23","modified_gmt":"2024-07-18T01:40:23","slug":"politiques-et-regles","status":"publish","type":"page","link":"https:\/\/sunseabreezevilla.com\/fr\/politiques-et-regles\/","title":{"rendered":"Politiques et r\u00e8gles"},"content":{"rendered":"\n<h2 class=\"wp-block-heading\">Politiques<\/h2>\n\n<p><strong>1. POLITIQUES G\u00c9N\u00c9RALES :<\/strong><\/p>\n\n<ul class=\"wp-block-list\">\n<li><strong>Interdiction de fumer : <\/strong>Il est strictement interdit de fumer \u00e0 l&rsquo;int\u00e9rieur de la propri\u00e9t\u00e9. Les infractions li\u00e9es au tabagisme (y compris le tabac, le cannabis et les e-cigarettes) sont sanctionn\u00e9es par une amende de 450 euros.<br\/><\/li>\n\n\n\n<li><strong>Pas d&rsquo;animaux :<\/strong> Les animaux domestiques ne sont pas autoris\u00e9s dans les locaux. Toute infraction entra\u00eenera une amende de 450 euros.<br\/><\/li>\n\n\n\n<li><strong>Pas de f\u00eates\/\u00e9v\u00e9nements :<\/strong> Il est interdit d&rsquo;organiser des f\u00eates ou des \u00e9v\u00e9nements sans autorisation \u00e9crite pr\u00e9alable. Toute violation entra\u00eenera une expulsion imm\u00e9diate et une amende de 1000 \u20ac.<br\/><\/li>\n\n\n\n<li><strong>Conditions de location :<\/strong> La dur\u00e9e du bail correspond aux dates r\u00e9serv\u00e9es. L&rsquo;invit\u00e9 responsable (qui fait la r\u00e9servation) confirme qu&rsquo;il est \u00e2g\u00e9 de 25 ans ou plus et qu&rsquo;il obtient la location \u00e0 court terme pour son usage personnel. Les r\u00e9servations au nom d&rsquo;un tiers ne sont pas accept\u00e9es et seront annul\u00e9es sans remboursement. L&rsquo;inclusion des noms des invit\u00e9s suppl\u00e9mentaires doit \u00eatre communiqu\u00e9e avant l&rsquo;arriv\u00e9e. Le fait de ne pas communiquer les noms de tous les invit\u00e9s entra\u00eenera l&rsquo;annulation de la r\u00e9servation.<br\/><\/li>\n\n\n\n<li><strong>Int\u00e9gralit\u00e9 de l&rsquo;accord : <\/strong>Le pr\u00e9sent accord constitue l&rsquo;int\u00e9gralit\u00e9 de l&rsquo;accord entre les parties et remplace tous les accords oraux ou \u00e9crits ant\u00e9rieurs ou contemporains concernant ce sujet.<br\/><\/li>\n\n\n\n<li><strong>Pi\u00e8ce d&rsquo;identit\u00e9 gouvernementale : <\/strong>Pour des raisons de s\u00e9curit\u00e9, une pi\u00e8ce d&rsquo;identit\u00e9 gouvernementale est n\u00e9cessaire pour effectuer une r\u00e9servation aupr\u00e8s de nous.<br\/><\/li>\n\n\n\n<li><strong>Report de dates :<\/strong> Aucune modification des dates de r\u00e9servation n&rsquo;est autoris\u00e9e dans les 30 jours pr\u00e9c\u00e9dant votre arriv\u00e9e.<br\/><\/li>\n\n\n\n<li><strong>Parking : <\/strong>Les clients peuvent se garer dans la rue, devant la maison. Veillez \u00e0 ne pas bloquer l&rsquo;entr\u00e9e ou \u00e0 ne pas g\u00eaner la circulation dans la rue \u00e9troite. Les clients ne sont pas autoris\u00e9s \u00e0 stationner des v\u00e9hicules de loisirs ou des camping-cars dans la propri\u00e9t\u00e9.<br\/><\/li>\n\n\n\n<li><strong>Dispositif de d\u00e9tection du bruit : <\/strong>Cette propri\u00e9t\u00e9 peut utiliser la technologie de surveillance du bruit Minut pour assurer le confort et la s\u00e9curit\u00e9 de l&rsquo;h\u00f4te. Il est strictement interdit de manipuler l&rsquo;appareil, sous peine d&rsquo;une amende de 200 euros. Cet appareil n&rsquo;enregistre PAS les sons ou les conversations, il surveille simplement le niveau de bruit (mesur\u00e9 en d\u00e9cibels).<br\/><\/li>\n\n\n\n<li><strong>Cam\u00e9ra de s\u00e9curit\u00e9 CCTV :<\/strong> Il y a deux cam\u00e9ras de s\u00e9curit\u00e9 sur les entr\u00e9es ext\u00e9rieures de la propri\u00e9t\u00e9. Il y a \u00e9galement une troisi\u00e8me cam\u00e9ra dans le garage souterrain. L&rsquo;utilisation de ce garage est interdite aux h\u00f4tes.<br\/><\/li>\n\n\n\n<li><strong>Heures calmes : <\/strong>Veuillez respecter les heures de silence de 22 heures \u00e0 8 heures du matin. Un dispositif de d\u00e9tection du bruit est install\u00e9 \u00e0 l&rsquo;int\u00e9rieur de l&rsquo;appartement et avertit l&rsquo;h\u00f4te si le bruit d\u00e9passe les limites autoris\u00e9es.<br\/><\/li>\n\n\n\n<li><strong>Limite d&rsquo;invit\u00e9s<\/strong>: 6 invit\u00e9s maximum. Le d\u00e9passement du nombre d&rsquo;invit\u00e9s est sanctionn\u00e9 par une amende de 450 euros. Aucun visiteur suppl\u00e9mentaire d\u00e9passant la limite de 6 personnes n&rsquo;est autoris\u00e9 sur notre propri\u00e9t\u00e9 sans l&rsquo;accord \u00e9crit pr\u00e9alable du gestionnaire de l&rsquo;immeuble.<br\/><\/li>\n\n\n\n<li><strong>Entretien de la propri\u00e9t\u00e9 :<\/strong> L&rsquo;h\u00f4te s&rsquo;engage \u00e0 traiter la propri\u00e9t\u00e9 avec soin et respect, en la gardant propre et en bon \u00e9tat. Les h\u00f4tes ne doivent pas d\u00e9placer ou r\u00e9arranger le mobilier.<br\/><\/li>\n\n\n\n<li><strong>Dommages aux biens :<\/strong> Toute utilisation abusive, tout dommage ou toute perte caus\u00e9s par l&rsquo;invit\u00e9 ou ses invit\u00e9s rel\u00e8vent de la responsabilit\u00e9 financi\u00e8re de l&rsquo;invit\u00e9. Tout dommage constat\u00e9 lors de l&rsquo;inspection de d\u00e9part sera factur\u00e9.<br\/><\/li>\n\n\n\n<li><strong>Annulation de la r\u00e9servation : <\/strong>Le non-respect de l&rsquo;ensemble des r\u00e8gles susmentionn\u00e9es peut entra\u00eener l&rsquo;annulation imm\u00e9diate de la r\u00e9servation et l&rsquo;expulsion de la propri\u00e9t\u00e9 lou\u00e9e, sans remboursement.<br\/><\/li>\n\n\n\n<li><strong>Renonciation \u00e0 la responsabilit\u00e9 :<\/strong> L&rsquo;invit\u00e9 assume tous les risques de blessures ou d&rsquo;autres pertes r\u00e9sultant de l&rsquo;utilisation de la propri\u00e9t\u00e9, et accepte d&rsquo;indemniser le propri\u00e9taire ou ses agents en cas de r\u00e9clamation li\u00e9e \u00e0 l&rsquo;invit\u00e9 ou aux parties invit\u00e9es sur la propri\u00e9t\u00e9 par l&rsquo;invit\u00e9.<br\/><\/li>\n\n\n\n<li><strong>Heure d&rsquo;enregistrement :<\/strong> 16 heures<br\/><\/li>\n\n\n\n<li><strong>Heure de sortie :<\/strong> 11 heures<\/li>\n<\/ul>\n\n<p><strong>2. CALENDRIER DE PAIEMENT<\/strong><\/p>\n\n<p>100% \u00e0 payer au moment de la r\u00e9servation.  <\/p>\n\n<p><strong>3. POLITIQUE D&rsquo;ANNULATION<\/strong><\/p>\n\n<p>100% des paiements anticip\u00e9s sont rembours\u00e9s en cas d&rsquo;annulation 30 jours avant l&rsquo;arriv\u00e9e ou plus t\u00f4t.<\/p>\n\n<p>50% des paiements anticip\u00e9s sont rembours\u00e9s en cas d&rsquo;annulation 14 jours avant l&rsquo;arriv\u00e9e ou plus t\u00f4t.<\/p>\n\n<p>0% remboursable en cas d&rsquo;annulation apr\u00e8s.<\/p>\n\n<p><strong>4. D\u00c9P\u00d4T DE GARANTIE<\/strong><\/p>\n\n<p>Une pr\u00e9-autorisation de 250 \u20ac est maintenue 1 jour avant l&rsquo;arriv\u00e9e et annul\u00e9e 2 jours apr\u00e8s le d\u00e9part.<\/p>\n\n<h2 class=\"wp-block-heading\">Instructions pour l&rsquo;enregistrement<\/h2>\n\n<p>Nous esp\u00e9rons que ces instructions am\u00e9lioreront votre s\u00e9jour. Si vous avez des questions ou si vous rencontrez des probl\u00e8mes, n&rsquo;h\u00e9sitez pas \u00e0 nous contacter au +351 925 975 416 (via WhatsApp) ou \u00e0 nous envoyer un courriel \u00e0 l&rsquo;<a href=\"mailto:Host@SunSeaBreeze.com\">adresse Host@SunSeaBreeze.com<\/a>.<\/p>\n\n<p><strong>1. Code d&rsquo;acc\u00e8s personnel :<\/strong> Les h\u00f4tes recevront un code d&rsquo;acc\u00e8s personnel pour d\u00e9verrouiller la porte.<br\/>et entrez dans la maison. Ce code est strictement r\u00e9serv\u00e9 \u00e0 votre usage et ne doit pas \u00eatre partag\u00e9 avec d&rsquo;autres personnes. Les<br\/>sera activ\u00e9 le jour de l&rsquo;arriv\u00e9e \u00e0 l&rsquo;heure de l&rsquo;enregistrement (16 heures) et sera automatiquement<br\/>d\u00e9sactiv\u00e9 5 minutes apr\u00e8s l&rsquo;heure de d\u00e9part (11h05). Si le code ne fonctionne pas<br\/>veuillez nous contacter imm\u00e9diatement au num\u00e9ro d&rsquo;urgence ci-dessous.<br\/><br\/><strong>2. Connexion WiFi : <\/strong>Pour votre confort, l&rsquo;internet sans fil est disponible gratuitement. Connecter<br\/>\u00e0 notre r\u00e9seau WiFi \u00e0 haut d\u00e9bit en utilisant les d\u00e9tails fournis dans la feuille d&rsquo;instructions WiFi qui se trouve sur la table basse du salon. Si vous avez des difficult\u00e9s \u00e0 vous connecter, le modem et le routeur se trouvent dans la corbeille sous le t\u00e9l\u00e9viseur. Pour red\u00e9marrer, d\u00e9branchez le modem et le routeur. Attendez 10 secondes et branchez d&rsquo;abord le modem, puis le routeur sans fil.<br\/><br\/><strong>3. Centre de divertissement (TV) :<\/strong> La maison dispose de deux t\u00e9l\u00e9visions c\u00e2bl\u00e9es, une dans le salon et l&rsquo;autre dans la salle de s\u00e9jour.<br\/>d&rsquo;autres dans la salle de jeux. Profitez de vos \u00e9missions pr\u00e9f\u00e9r\u00e9es !<\/p>\n\n<ul class=\"wp-block-list\">\n<li>  Allumez le t\u00e9l\u00e9viseur \u00e0 l&rsquo;aide de la t\u00e9l\u00e9commande du c\u00e2ble (petite) en appuyant sur le bouton d&rsquo;alimentation.<br\/><\/li>\n\n\n\n<li>Vous pouvez \u00e9galement utiliser le bouton d&rsquo;alimentation situ\u00e9 sur le c\u00f4t\u00e9 du t\u00e9l\u00e9viseur pour l&rsquo;allumer.<br\/><\/li>\n\n\n\n<li>Si cela ne fonctionne pas, appuyez sur Input, pour vous assurer que la source est s\u00e9lectionn\u00e9e sur HDMI 2.  <br\/><\/li>\n\n\n\n<li>Utilisez la t\u00e9l\u00e9commande du c\u00e2ble (petite) pour surfer sur les cha\u00eenes.<\/li>\n<\/ul>\n\n<p><strong>4. Lave-vaisselle : <\/strong>Gagnez du temps sur le nettoyage ; laissez le lave-vaisselle faire le travail.<\/p>\n\n<ul class=\"wp-block-list\">\n<li>Rincez la vaisselle avant de la mettre au lave-vaisselle.<br\/><\/li>\n\n\n\n<li>Utilisez les dosettes de d\u00e9tergent pour lave-vaisselle fournies sous l&rsquo;\u00e9vier.<br\/><\/li>\n\n\n\n<li>Lancez le lave-vaisselle et d\u00e9tendez-vous !<\/li>\n<\/ul>\n\n<p><strong>5. Blanchisserie :<\/strong> Gardez vos v\u00eatements frais pendant votre s\u00e9jour.<\/p>\n\n<ul class=\"wp-block-list\">\n<li>Lave-linge : Chargez vos v\u00eatements, ajoutez la feuille de d\u00e9tergent et s\u00e9lectionnez le cycle souhait\u00e9.<br\/><\/li>\n\n\n\n<li>Un s\u00e8che-linge est \u00e0 votre disposition. Notez toutefois qu&rsquo;en Europe, le co\u00fbt de l&rsquo;\u00e9lectricit\u00e9 est \u00e9lev\u00e9. Par cons\u00e9quent, un \u00e9tendoir \u00e0 linge est \u00e0 votre disposition pour profiter de la nature et du soleil pour faire s\u00e9cher vos v\u00eatements. Si vous devez utiliser le s\u00e8che-linge, placez le linge \u00e0 l&rsquo;int\u00e9rieur, choisissez les r\u00e9glages appropri\u00e9s et d\u00e9marrez. Il s&rsquo;agit d&rsquo;un s\u00e8che-linge \u00e0 condensation. Veuillez donc jeter l&rsquo;eau apr\u00e8s chaque utilisation et nettoyer le pi\u00e8ge \u00e0 peluches.<\/li>\n<\/ul>\n\n<p><strong>6. Fonctionnement des fen\u00eatres : <\/strong>Toutes les fen\u00eatres et portes ext\u00e9rieures (\u00e0 l&rsquo;exception de l&rsquo;entr\u00e9e principale et des entr\u00e9es lat\u00e9rales) sont de type oscillo-battant. Veuillez suivre les instructions suivantes pour le faire fonctionner : Remarque : dans tous les cas, la fen\u00eatre doit \u00eatre ferm\u00e9e avant de tourner la poign\u00e9e.<\/p>\n\n<p><img loading=\"lazy\" decoding=\"async\" alt=\"image\" src=\"https:\/\/lh7-us.googleusercontent.com\/docsz\/AD_4nXc2873mj0IzYt23pd3VkXaDimo9XNSoFw4kvSTEVWojk8UwMvj_TXtxsHkC8dajXi3de398el45ea76IbbuZigPkE4TeVamie3BLlJeJxmJAUszSyM_Jqty3mSJ5I6lHe8fspOULsXSf8LHQioi-kdpKEqwzprWLxxMM8K6Nd6DP4faCagaEw?key=oAlQbcnCBDxmUwkwU01KNA\" width=\"268\" height=\"178\"\/><\/p>\n\n<ul class=\"wp-block-list\">\n<li><strong>Ouvert \u00e0 la position de rotation<\/strong><br\/>Pour ouvrir la fen\u00eatre en position bascul\u00e9e, il suffit de faire pivoter la poign\u00e9e de quatre-vingt-dix degr\u00e9s de mani\u00e8re \u00e0 ce qu&rsquo;elle pointe vers le centre de l&rsquo;ouvre-bo\u00eete et de la tirer vers vous. La fen\u00eatre se tourne vers vous, s&rsquo;articule sur le c\u00f4t\u00e9 et s&rsquo;ouvre \u00e0 quatre-vingt-dix degr\u00e9s.<br\/><\/li>\n\n\n\n<li><strong>Ouvert \u00e0 la position de basculement<\/strong><br\/>Pour ouvrir la fen\u00eatre en position de rotation, tournez la poign\u00e9e de mani\u00e8re \u00e0 ce qu&rsquo;elle soit orient\u00e9e vers le haut et tirez-la vers vous. La fen\u00eatre bascule vers vous, articul\u00e9e par le bas, et s&rsquo;arr\u00eate lorsqu&rsquo;elle atteint une dizaine de centim\u00e8tres.<br\/><\/li>\n\n\n\n<li><strong>Fermez la fen\u00eatre : <\/strong>Pour verrouiller la fen\u00eatre en position ferm\u00e9e, tournez la poign\u00e9e de mani\u00e8re \u00e0 ce qu&rsquo;elle soit orient\u00e9e vers le bas.<\/li>\n<\/ul>\n\n<p><strong>7. Contacts en cas d&rsquo;urgence : <\/strong>Pour toute question ou urgence, veuillez vous r\u00e9f\u00e9rer aux contacts indiqu\u00e9s ci-dessous :<\/p>\n\n<ul class=\"wp-block-list\">\n<li>Gestionnaire immobilier : [Nom : XXXX, Num\u00e9ro de t\u00e9l\u00e9phone : XXXX, Email : XXXX.com]<br\/><\/li>\n\n\n\n<li>Services d&rsquo;urgence : XXX<\/li>\n<\/ul>\n\n<p><strong>8. R\u00e8glement int\u00e9rieur : <\/strong>Veuillez vous familiariser avec le r\u00e8glement int\u00e9rieur figurant dans le manuel de l&rsquo;h\u00f4te. En cas de violation du r\u00e8glement int\u00e9rieur, l&rsquo;invit\u00e9 peut \u00eatre tenu de quitter imm\u00e9diatement la propri\u00e9t\u00e9 ou \u00eatre expuls\u00e9, auquel cas l&rsquo;invit\u00e9 perd tout droit au remboursement des frais de location non utilis\u00e9s.<\/p>\n\n<h2 class=\"wp-block-heading\">Instructions de sortie<\/h2>\n\n<p><strong>1. Heure de d\u00e9part :<\/strong> veuillez respecter l&rsquo;heure de d\u00e9part convenue, \u00e0 savoir 11 heures. Cela nous permet de pr\u00e9parer rapidement l&rsquo;espace pour nos prochains invit\u00e9s. Les d\u00e9parts tardifs non approuv\u00e9s donneront lieu \u00e0 une facturation de 5 % du tarif de la nuit pour chaque demi-heure de retard. Si vous \u00eates pr\u00e9venus \u00e0 l&rsquo;avance, les repr\u00e9sentants de l&rsquo;h\u00f4te s&rsquo;efforceront d&rsquo;accepter les arriv\u00e9es anticip\u00e9es et les d\u00e9parts tardifs. Veuillez noter que le code de la porte sera automatiquement d\u00e9sactiv\u00e9 5 minutes apr\u00e8s l&rsquo;heure de d\u00e9part (11h05).<br\/><br\/><strong>2. Nettoyage :<\/strong> Veuillez ranger l&rsquo;espace avant de partir.<br\/><br\/>Il s&rsquo;agit notamment de<\/p>\n\n<ul class=\"wp-block-list\">\n<li>Laver et ranger la vaisselle.<\/li>\n\n\n\n<li>Mettez toute la vaisselle sale dans le lave-vaisselle et faites-le tourner avant de partir.<\/li>\n\n\n\n<li>Sortir les d\u00e9chets et les d\u00e9poser dans les poubelles pr\u00e9vues \u00e0 cet effet. Les poubelles communautaires sont situ\u00e9es en haut de la rue.<\/li>\n<\/ul>\n\n<p><strong>3. Linge et serviettes usag\u00e9s :<\/strong> Placez les serviettes et les couvertures usag\u00e9es dans la corbeille \u00e0 linge situ\u00e9e dans le placard de la chambre. En cas d&rsquo;\u00e9claboussures ou de taches, veuillez nous en informer.<br\/><br\/><strong>4. Appareils \u00e9lectrom\u00e9nagers :<\/strong> Assurez-vous que tous les appareils (cuisini\u00e8re, four, micro-ondes, etc.) sont \u00e9teints.<\/p>\n\n<p><strong>5.<\/strong> <strong>Lumi\u00e8res et appareils \u00e9lectroniques :<\/strong> \u00c9teignez toutes les lumi\u00e8res et tous les appareils \u00e9lectroniques (ventilateurs, chauffages, etc.).<\/p>\n\n<p><strong>6. Fen\u00eatres et portes :<\/strong> Fermez et verrouillez bien toutes les fen\u00eatres et les portes.<br\/><br\/><strong>Pour verrouiller la porte :<\/strong><\/p>\n\n<ul class=\"wp-block-list\">\n<li>Fermez bien la porte.<br\/><\/li>\n\n\n\n<li>R\u00e9veillez le clavier en le touchant.<br\/><\/li>\n\n\n\n<li>Appuyez sur le bouton de verrouillage en bas \u00e0 droite. (NB Corinne pour confirmer que cette \u00e9tape est n\u00e9cessaire)<\/li>\n<\/ul>\n\n<p><strong>7. Commentaires :<\/strong> Nous appr\u00e9cions vos commentaires ! Si nous pouvons am\u00e9liorer quelque chose ou si vous avez eu une exp\u00e9rience positive, n&rsquo;h\u00e9sitez pas \u00e0 nous en faire part en nous \u00e9crivant un courriel \u00e0 l&rsquo;adresse Host@SunSeaBreezeVilla.com.<br\/><br\/><strong>8. Objets trouv\u00e9s :<\/strong> V\u00e9rifiez que l&rsquo;espace ne contient pas d&rsquo;effets personnels. Si vous oubliez quelque chose, contactez-nous d\u00e8s que possible.<br\/><br\/><strong>9.<\/strong> <strong>Informations de contact :<\/strong> Si vous avez des questions ou si vous rencontrez des probl\u00e8mes lors de l&rsquo;enregistrement, n&rsquo;h\u00e9sitez pas \u00e0 nous contacter au +351 925 975 416 (via WhatsApp) ou \u00e0 envoyer un courriel \u00e0 <a href=\"mailto:Host@SunSeaBreezeVilla.com\" title=\"\">Host@SunSeaBreeze.com<\/a>.<\/p>\n","protected":false},"excerpt":{"rendered":"<p>Politiques 1. POLITIQUES G\u00c9N\u00c9RALES : 2. CALENDRIER DE PAIEMENT 100% \u00e0 payer au moment de la r\u00e9servation. 3. POLITIQUE D&rsquo;ANNULATION 100% des paiements anticip\u00e9s sont rembours\u00e9s en cas d&rsquo;annulation 30 jours avant l&rsquo;arriv\u00e9e ou plus t\u00f4t. 50% des paiements anticip\u00e9s sont rembours\u00e9s en cas d&rsquo;annulation 14 jours avant l&rsquo;arriv\u00e9e ou plus t\u00f4t. 0% remboursable en [&hellip;]<\/p>\n","protected":false},"author":1,"featured_media":0,"parent":0,"menu_order":0,"comment_status":"closed","ping_status":"closed","template":"","meta":{"inline_featured_image":false,"_monsterinsights_skip_tracking":false,"_monsterinsights_sitenote_active":false,"_monsterinsights_sitenote_note":"","_monsterinsights_sitenote_category":0,"footnotes":""},"class_list":["post-3179","page","type-page","status-publish","hentry"],"aioseo_notices":[],"_links":{"self":[{"href":"https:\/\/sunseabreezevilla.com\/fr\/wp-json\/wp\/v2\/pages\/3179"}],"collection":[{"href":"https:\/\/sunseabreezevilla.com\/fr\/wp-json\/wp\/v2\/pages"}],"about":[{"href":"https:\/\/sunseabreezevilla.com\/fr\/wp-json\/wp\/v2\/types\/page"}],"author":[{"embeddable":true,"href":"https:\/\/sunseabreezevilla.com\/fr\/wp-json\/wp\/v2\/users\/1"}],"replies":[{"embeddable":true,"href":"https:\/\/sunseabreezevilla.com\/fr\/wp-json\/wp\/v2\/comments?post=3179"}],"version-history":[{"count":1,"href":"https:\/\/sunseabreezevilla.com\/fr\/wp-json\/wp\/v2\/pages\/3179\/revisions"}],"predecessor-version":[{"id":3182,"href":"https:\/\/sunseabreezevilla.com\/fr\/wp-json\/wp\/v2\/pages\/3179\/revisions\/3182"}],"wp:attachment":[{"href":"https:\/\/sunseabreezevilla.com\/fr\/wp-json\/wp\/v2\/media?parent=3179"}],"curies":[{"name":"wp","href":"https:\/\/api.w.org\/{rel}","templated":true}]}}