{"id":3174,"date":"2024-06-26T14:59:34","date_gmt":"2024-06-26T14:59:34","guid":{"rendered":"https:\/\/sunseabreezevilla.com\/politiche-e-regole\/"},"modified":"2024-07-18T01:40:23","modified_gmt":"2024-07-18T01:40:23","slug":"politiche-e-regole","status":"publish","type":"page","link":"https:\/\/sunseabreezevilla.com\/it\/politiche-e-regole\/","title":{"rendered":"Politiche e regole"},"content":{"rendered":"\n<h2 class=\"wp-block-heading\">Politiche<\/h2>\n\n<p><strong>1. POLITICHE GENERALI:<\/strong><\/p>\n\n<ul class=\"wp-block-list\">\n<li><strong>Vietato fumare: <\/strong>\u00c8 severamente vietato fumare all&#8217;interno della propriet\u00e0. La violazione del divieto di fumo (compresi tabacco, cannabis e sigarette elettroniche) comporter\u00e0 una multa di 450\u20ac.<br\/><\/li>\n\n\n\n<li><strong>Non sono ammessi animali domestici:<\/strong> Gli animali domestici non sono ammessi nella struttura. La violazione comporter\u00e0 una multa di 450\u20ac.<br\/><\/li>\n\n\n\n<li><strong>Divieto di feste\/eventi:<\/strong> \u00c8 vietato organizzare feste o eventi senza previo consenso scritto. La violazione comporter\u00e0 lo sfratto immediato e una multa di 1000\u20ac.<br\/><\/li>\n\n\n\n<li><strong>Termini di locazione:<\/strong> La durata del contratto di locazione corrisponder\u00e0 alle date prenotate. L&#8217;Ospite Responsabile (che effettua la prenotazione) conferma di avere almeno 25 anni di et\u00e0 e di aver stipulato un contratto di locazione a breve termine per uso personale. Le prenotazioni per conto di terzi non sono accettate e saranno annullate senza alcun rimborso. L&#8217;inclusione dei nomi degli ospiti aggiuntivi deve essere fornita prima dell&#8217;arrivo. La mancata comunicazione dei nomi di tutti gli ospiti comporter\u00e0 la cancellazione.<br\/><\/li>\n\n\n\n<li><strong>Intero accordo: <\/strong>Il presente Contratto costituisce l&#8217;intero accordo tra le parti e sostituisce tutti gli accordi verbali o scritti precedenti o contemporanei relativi a questo argomento.<br\/><\/li>\n\n\n\n<li><strong>Documento d&#8217;identit\u00e0 governativo: <\/strong>Per motivi di sicurezza generale, per prenotare con noi \u00e8 necessario un documento d&#8217;identit\u00e0 governativo.<br\/><\/li>\n\n\n\n<li><strong>Date riprogrammate:<\/strong> Non \u00e8 consentito riprogrammare le date della prenotazione entro 30 giorni prima dell&#8217;arrivo.<br\/><\/li>\n\n\n\n<li><strong>Parcheggio: <\/strong>Gli ospiti possono parcheggiare davanti alla casa. Assicurati di non bloccare il vialetto o di non limitare il flusso del traffico lungo la strada stretta. Gli ospiti non possono parcheggiare camper o roulotte nella struttura.<br\/><\/li>\n\n\n\n<li><strong>Dispositivo di rilevamento del rumore: <\/strong>Questa struttura pu\u00f2 utilizzare la tecnologia di monitoraggio del rumore Minut per garantire il comfort e la sicurezza degli ospiti. La manomissione del dispositivo \u00e8 severamente vietata e comporter\u00e0 una multa di 200\u20ac. Questo dispositivo NON registra suoni o conversazioni reali, ma si limita a monitorare il livello di rumore (misurato in decibel).<br\/><\/li>\n\n\n\n<li><strong>Telecamere di sicurezza a circuito chiuso:<\/strong> Ci sono due telecamere di sicurezza all&#8217;ingresso esterno della propriet\u00e0. C&#8217;\u00e8 anche una terza telecamera nel garage sotterraneo. L&#8217;uso di quest&#8217;area del garage \u00e8 vietato agli ospiti.<br\/><\/li>\n\n\n\n<li><strong>Orari di silenzio: <\/strong>Si prega di rispettare gli orari di silenzio dalle 22:00 alle 8:00 del mattino. All&#8217;interno dell&#8217;appartamento \u00e8 presente un dispositivo di rilevamento del rumore che avvisa l&#8217;ospite se il rumore supera i limiti.<br\/><\/li>\n\n\n\n<li><strong>Limite di ospiti<\/strong>: 6 ospiti al massimo. Il superamento del limite di ospiti comporter\u00e0 una multa di 450\u20ac. Non sono ammessi altri visitatori oltre il limite di 6 ospiti nella nostra propriet\u00e0 senza il previo consenso scritto dell&#8217;amministratore del condominio.<br\/><\/li>\n\n\n\n<li><strong>Cura della propriet\u00e0:<\/strong> L&#8217;ospite si impegna a trattare la propriet\u00e0 con cura e rispetto, mantenendola pulita e in buone condizioni. Gli ospiti non devono rimuovere o riordinare i mobili.<br\/><\/li>\n\n\n\n<li><strong>Danni alla propriet\u00e0:<\/strong> Qualsiasi uso improprio, danno o perdita causati dall&#8217;Ospite o dai suoi invitati saranno responsabilit\u00e0 finanziaria dell&#8217;Ospite. Eventuali danni riscontrati al momento dell&#8217;ispezione alla partenza saranno addebitati.<br\/><\/li>\n\n\n\n<li><strong>Cancellazione della prenotazione: <\/strong>Il mancato rispetto di tutte le politiche della casa di cui sopra pu\u00f2 comportare l&#8217;immediata cancellazione della prenotazione ed \u00e8 causa di sfratto dalla nostra propriet\u00e0 in affitto senza alcun rimborso.<br\/><\/li>\n\n\n\n<li><strong>Rinuncia alla responsabilit\u00e0:<\/strong> L&#8217;Ospite si assume tutti i rischi di lesioni o altre perdite derivanti dall&#8217;uso della propriet\u00e0 e si impegna a indennizzare e a manlevare il proprietario della casa o i suoi agenti da qualsiasi reclamo relativo all&#8217;Ospite o alle persone invitate nella propriet\u00e0 dall&#8217;Ospite.<br\/><\/li>\n\n\n\n<li><strong>Orario di check-in:<\/strong> 16:00<br\/><\/li>\n\n\n\n<li><strong>Orario di check-out:<\/strong> 11:00<\/li>\n<\/ul>\n\n<p><strong>2. CALENDARIO DEI PAGAMENTI<\/strong><\/p>\n\n<p>100% dovuto al momento della prenotazione.  <\/p>\n\n<p><strong>3. POLITICA DI CANCELLAZIONE<\/strong><\/p>\n\n<p>Il 100% del pagamento anticipato \u00e8 rimborsabile in caso di cancellazione 30 giorni prima dell&#8217;arrivo o prima.<\/p>\n\n<p>Il 50% del pagamento anticipato \u00e8 rimborsabile in caso di cancellazione 14 giorni prima dell&#8217;arrivo o prima.<\/p>\n\n<p>0% di rimborso se la cancellazione avviene dopo.<\/p>\n\n<p><strong>4. DEPOSITO CAUZIONALE<\/strong><\/p>\n\n<p>Una pre-autorizzazione di 250\u20ac viene trattenuta 1 giorno prima dell&#8217;arrivo e annullata 2 giorni dopo la partenza.<\/p>\n\n<h2 class=\"wp-block-heading\">Istruzioni per il check-in<\/h2>\n\n<p>Ci auguriamo che queste istruzioni migliorino il tuo soggiorno. Per qualsiasi domanda o problema, non esitare a contattarci al numero +351 925 975 416 (via WhatsApp) o all&#8217;indirizzo e-mail <a href=\"mailto:Host@SunSeaBreeze.com\">Host@SunSeaBreeze.com.<\/a><\/p>\n\n<p><strong>1. Codice di accesso personale:<\/strong> Gli ospiti riceveranno un codice di accesso personale per sbloccare la porta.<br\/>ed entrare in casa. Questo codice \u00e8 strettamente riservato al tuo utilizzo e non deve essere condiviso con altri. Il<br\/>Il codice verr\u00e0 attivato il giorno dell&#8217;arrivo al momento del check-in (ore 16:00) e sar\u00e0 automaticamente<br\/>si disattiva 5 minuti dopo l&#8217;orario di check-out (11:05). Nel caso in cui il codice non funzioni<br\/>contattaci immediatamente al numero di emergenza sotto indicato.<br\/><br\/><strong>2. Connessione WiFi: <\/strong>Per la tua comodit\u00e0, la connessione internet wireless \u00e8 disponibile gratuitamente. Collegati<br\/>alla nostra rete WiFi ad alta velocit\u00e0 utilizzando i dati forniti nel foglio di istruzioni WiFi sul tavolino del soggiorno. Se hai problemi di connessione, il modem e il router si trovano nel cestino sotto la TV. Per riavviare, scollega l&#8217;alimentazione dal modem e dal router. Aspetta 10 secondi e collega prima il modem e poi il router wireless.<br\/><br\/><strong>3. Centro di intrattenimento (TV):<\/strong> La casa dispone di due TV via cavo, una nel soggiorno e l&#8217;altra nel salotto.<br\/>l&#8217;altro nella sala giochi. Goditi i tuoi spettacoli preferiti!<\/p>\n\n<ul class=\"wp-block-list\">\n<li>  Accendi la TV con il telecomando via cavo (piccolo) premendo il tasto di accensione.<br\/><\/li>\n\n\n\n<li>Puoi anche utilizzare il pulsante di accensione sul lato della TV per accenderla.<br\/><\/li>\n\n\n\n<li>Nel caso in cui non funzionasse, premi il tasto Ingresso per assicurarti che la sorgente sia selezionata su HDMI 2.  <br\/><\/li>\n\n\n\n<li>Usa il telecomando del cavo (piccolo) per navigare tra i canali.<\/li>\n<\/ul>\n\n<p><strong>4. Lavastoviglie: <\/strong>Risparmia tempo nella pulizia: lascia che sia la lavastoviglie a fare il lavoro.<\/p>\n\n<ul class=\"wp-block-list\">\n<li>Sciacqua i piatti prima di metterli in lavastoviglie.<br\/><\/li>\n\n\n\n<li>Usa le cialde di detersivo per lavastoviglie fornite sotto il lavello.<br\/><\/li>\n\n\n\n<li>Avvia la lavastoviglie e rilassati!<\/li>\n<\/ul>\n\n<p><strong>5. Lavanderia:<\/strong> Mantieni i tuoi vestiti freschi durante il tuo soggiorno.<\/p>\n\n<ul class=\"wp-block-list\">\n<li>Lavatrice: Carica i tuoi capi, aggiungi il foglio di detersivo e seleziona il ciclo desiderato.<br\/><\/li>\n\n\n\n<li>\u00c8 disponibile un&#8217;asciugatrice. Tuttavia, in Europa il costo dell&#8217;elettricit\u00e0 \u00e8 elevato, per cui un filo per abiti \u00e8 a tua disposizione per sfruttare la natura e il sole per asciugare i tuoi vestiti. Se devi usare l&#8217;asciugatrice, inserisci i vestiti all&#8217;interno, scegli le impostazioni appropriate e avvia. Si tratta di un&#8217;asciugatrice a condensazione, pertanto ti invitiamo a smaltire l&#8217;acqua dopo ogni utilizzo e a pulire il raccoglitore di lanugine.<\/li>\n<\/ul>\n\n<p><strong>6. Funzionamento delle finestre: <\/strong>Tutte le finestre\/porte esterne (esclusi gli ingressi principali e laterali) sono a ribalta. Segui queste istruzioni per il funzionamento: Nota bene: in ogni caso, prima di ruotare la maniglia, la finestra deve essere chiusa.<\/p>\n\n<p><img loading=\"lazy\" decoding=\"async\" alt=\"immagine\" src=\"https:\/\/lh7-us.googleusercontent.com\/docsz\/AD_4nXc2873mj0IzYt23pd3VkXaDimo9XNSoFw4kvSTEVWojk8UwMvj_TXtxsHkC8dajXi3de398el45ea76IbbuZigPkE4TeVamie3BLlJeJxmJAUszSyM_Jqty3mSJ5I6lHe8fspOULsXSf8LHQioi-kdpKEqwzprWLxxMM8K6Nd6DP4faCagaEw?key=oAlQbcnCBDxmUwkwU01KNA\" width=\"268\" height=\"178\"\/><\/p>\n\n<ul class=\"wp-block-list\">\n<li><strong>Aprire la posizione di svolta<\/strong><br\/>Per aprire la finestra in posizione di ribalta, basta ruotare la maniglia di novanta gradi in modo che sia rivolta verso il centro dell&#8217;apribile e tirare verso di te. La finestra girer\u00e0 verso di te, incernierata lateralmente e aperta a novanta gradi.<br\/><\/li>\n\n\n\n<li><strong>Aprire la posizione di inclinazione<\/strong><br\/>Per aprire la finestra in posizione di rotazione, ruota la maniglia in modo che sia rivolta verso l&#8217;alto e tira verso di te. La finestra si incliner\u00e0 verso di te, incernierata dal basso, e si fermer\u00e0 quando raggiunger\u00e0 circa dieci centimetri.<br\/><\/li>\n\n\n\n<li><strong>Chiudi la finestra: <\/strong>Per bloccare la finestra in posizione di chiusura, ruota la maniglia in modo che sia rivolta verso il basso.<\/li>\n<\/ul>\n\n<p><strong>7. Contatti di emergenza: <\/strong>Per qualsiasi questione urgente o emergenza, fai riferimento ai contatti elencati di seguito:<\/p>\n\n<ul class=\"wp-block-list\">\n<li>Manager dell&#8217;immobile: [Nome: XXXX, Numero di Telefono: XXXX, Email: XXXX.com]<br\/><\/li>\n\n\n\n<li>Servizi di emergenza: XXX<\/li>\n<\/ul>\n\n<p><strong>8. Regole della casa: <\/strong>Ti invitiamo a familiarizzare con le nostre regole della casa riportate nel manuale per gli ospiti. La violazione delle Regole della Casa pu\u00f2 comportare l&#8217;obbligo per l&#8217;Ospite di lasciare immediatamente la propriet\u00e0 o di essere allontanato, nel qual caso l&#8217;Ospite perder\u00e0 ogni diritto alla restituzione di eventuali quote di affitto non utilizzate.<\/p>\n\n<h2 class=\"wp-block-heading\">Istruzioni per il check-out<\/h2>\n\n<p><strong>1. Orario di check-out:<\/strong> si prega di rispettare l&#8217;orario di check-out concordato, ovvero le 11:00. Questo ci permette di preparare lo spazio per i nostri prossimi ospiti in tempi brevi. I check-out tardivi non approvati comporteranno un addebito del 5% della tariffa notturna per ogni mezz&#8217;ora di ritardo nella partenza. In caso di preavviso, i rappresentanti dell&#8217;Host cercheranno di accogliere arrivi anticipati e check-out tardivi. Si prega di notare che il codice della porta verr\u00e0 disattivato automaticamente 5 minuti dopo l&#8217;orario di check-out (11:05).<br\/><br\/><strong>2. Pulizia:<\/strong> Ti preghiamo di riordinare lo spazio prima di andartene.<br\/><br\/>Questo include:<\/p>\n\n<ul class=\"wp-block-list\">\n<li>Lavare e mettere via i piatti.<\/li>\n\n\n\n<li>Metti tutte le stoviglie sporche nella lavastoviglie e falla funzionare prima di uscire.<\/li>\n\n\n\n<li>Portare fuori la spazzatura e metterla negli appositi contenitori. I bidoni della spazzatura della comunit\u00e0 si trovano all&#8217;inizio della strada.<\/li>\n<\/ul>\n\n<p><strong>3. Biancheria e asciugamani usati:<\/strong> Metti gli asciugamani e le coperte usate nel cesto della biancheria nell&#8217;armadio della camera da letto. Se ci sono perdite o macchie, ti preghiamo di comunicarcelo.<br\/><br\/><strong>4. Elettrodomestici:<\/strong> Assicurati che tutti gli elettrodomestici (fornelli, forno, microonde, ecc.) siano spenti.<\/p>\n\n<p><strong>5.<\/strong> <strong>Luci e dispositivi elettronici:<\/strong> Spegni tutte le luci e i dispositivi elettronici (ventilatori, riscaldatori, ecc.).<\/p>\n\n<p><strong>6. Finestre e porte:<\/strong> Chiudi e blocca tutte le finestre e le porte in modo sicuro.<br\/><br\/><strong>Per bloccare la porta:<\/strong><\/p>\n\n<ul class=\"wp-block-list\">\n<li>Chiudi bene la porta.<br\/><\/li>\n\n\n\n<li>Risveglia la tastiera toccandola.<br\/><\/li>\n\n\n\n<li>Premi il pulsante di blocco in basso a destra. (NB Corinne deve confermare che questo passaggio \u00e8 necessario)<\/li>\n<\/ul>\n\n<p><strong>7. Feedback:<\/strong> Apprezziamo il tuo feedback! Se c&#8217;\u00e8 qualcosa che possiamo migliorare o se hai avuto un&#8217;esperienza positiva, ti preghiamo di farcelo sapere scrivendoci un&#8217;email a Host@SunSeaBreezeVilla.com.<br\/><br\/><strong>8. Oggetti smarriti:<\/strong> Controlla lo spazio per gli oggetti personali. Se lasci qualcosa, contattaci il prima possibile.<br\/><br\/><strong>9.<\/strong> <strong>Informazioni di contatto:<\/strong> Per qualsiasi domanda o problema durante il check-out, contattaci al numero +351 925 975 416 (via WhatsApp) o all&#8217;indirizzo e-mail <a href=\"mailto:Host@SunSeaBreezeVilla.com\" title=\"\">Host@SunSeaBreeze.com.<\/a><\/p>\n","protected":false},"excerpt":{"rendered":"<p>Politiche 1. POLITICHE GENERALI: 2. CALENDARIO DEI PAGAMENTI 100% dovuto al momento della prenotazione. 3. POLITICA DI CANCELLAZIONE Il 100% del pagamento anticipato \u00e8 rimborsabile in caso di cancellazione 30 giorni prima dell&#8217;arrivo o prima. Il 50% del pagamento anticipato \u00e8 rimborsabile in caso di cancellazione 14 giorni prima dell&#8217;arrivo o prima. 0% di rimborso [&hellip;]<\/p>\n","protected":false},"author":1,"featured_media":0,"parent":0,"menu_order":0,"comment_status":"closed","ping_status":"closed","template":"","meta":{"inline_featured_image":false,"_monsterinsights_skip_tracking":false,"_monsterinsights_sitenote_active":false,"_monsterinsights_sitenote_note":"","_monsterinsights_sitenote_category":0,"footnotes":""},"class_list":["post-3174","page","type-page","status-publish","hentry"],"aioseo_notices":[],"_links":{"self":[{"href":"https:\/\/sunseabreezevilla.com\/it\/wp-json\/wp\/v2\/pages\/3174"}],"collection":[{"href":"https:\/\/sunseabreezevilla.com\/it\/wp-json\/wp\/v2\/pages"}],"about":[{"href":"https:\/\/sunseabreezevilla.com\/it\/wp-json\/wp\/v2\/types\/page"}],"author":[{"embeddable":true,"href":"https:\/\/sunseabreezevilla.com\/it\/wp-json\/wp\/v2\/users\/1"}],"replies":[{"embeddable":true,"href":"https:\/\/sunseabreezevilla.com\/it\/wp-json\/wp\/v2\/comments?post=3174"}],"version-history":[{"count":1,"href":"https:\/\/sunseabreezevilla.com\/it\/wp-json\/wp\/v2\/pages\/3174\/revisions"}],"predecessor-version":[{"id":3177,"href":"https:\/\/sunseabreezevilla.com\/it\/wp-json\/wp\/v2\/pages\/3174\/revisions\/3177"}],"wp:attachment":[{"href":"https:\/\/sunseabreezevilla.com\/it\/wp-json\/wp\/v2\/media?parent=3174"}],"curies":[{"name":"wp","href":"https:\/\/api.w.org\/{rel}","templated":true}]}}