{"id":3168,"date":"2024-06-26T14:59:34","date_gmt":"2024-06-26T14:59:34","guid":{"rendered":"https:\/\/sunseabreezevilla.com\/politicas-e-regras\/"},"modified":"2024-07-18T01:40:23","modified_gmt":"2024-07-18T01:40:23","slug":"politicas-e-regras","status":"publish","type":"page","link":"https:\/\/sunseabreezevilla.com\/pt-pt\/politicas-e-regras\/","title":{"rendered":"Pol\u00edticas e regras"},"content":{"rendered":"\n<h2 class=\"wp-block-heading\">Pol\u00edticas<\/h2>\n\n<p><strong>1. POL\u00cdTICAS GERAIS:<\/strong><\/p>\n\n<ul class=\"wp-block-list\">\n<li><strong>N\u00e3o fumas: <\/strong>\u00c9 estritamente proibido fumar no interior da propriedade. A infra\u00e7\u00e3o de fumar (incluindo tabaco, can\u00e1bis e cigarros electr\u00f3nicos) implica uma multa de 450 euros.<br\/><\/li>\n\n\n\n<li><strong>Proibido animais de estima\u00e7\u00e3o:<\/strong> N\u00e3o s\u00e3o permitidos animais de estima\u00e7\u00e3o nas instala\u00e7\u00f5es. Em caso de infra\u00e7\u00e3o, ser-te-\u00e1 aplicada uma coima de 450 euros.<br\/><\/li>\n\n\n\n<li><strong>Proibi\u00e7\u00e3o de festas\/eventos:<\/strong> \u00c9 proibido organizar festas ou eventos sem autoriza\u00e7\u00e3o pr\u00e9via por escrito. Em caso de infra\u00e7\u00e3o, ser\u00e1s imediatamente despejado e ser-te-\u00e1 aplicada uma multa de 1000 euros<br\/><\/li>\n\n\n\n<li><strong>Condi\u00e7\u00f5es de aluguer:<\/strong> O prazo do aluguer corresponde \u00e0s datas reservadas. O H\u00f3spede Respons\u00e1vel (que faz a reserva) confirma que tem 25 anos de idade ou mais e que est\u00e1 a garantir o aluguer de curto prazo para seu uso pessoal. As reservas em nome de terceiros n\u00e3o s\u00e3o aceites e ser\u00e3o canceladas sem direito a reembolso. A inclus\u00e3o de nomes de h\u00f3spedes adicionais tem de ser fornecida antes da chegada. A n\u00e3o revela\u00e7\u00e3o dos nomes de todos os convidados implica o cancelamento da reserva.<br\/><\/li>\n\n\n\n<li><strong>Acordo integral: <\/strong>Este Contrato constitui o acordo integral entre as partes e substitui todos os acordos orais ou escritos anteriores ou contempor\u00e2neos relativos a este assunto.<br\/><\/li>\n\n\n\n<li><strong>Identifica\u00e7\u00e3o do governo: <\/strong>Para fins de seguran\u00e7a geral, \u00e9 necess\u00e1rio um documento de identifica\u00e7\u00e3o oficial para efetuar reservas connosco.<br\/><\/li>\n\n\n\n<li><strong>Datas remarcadas:<\/strong> N\u00e3o \u00e9 permitida a remarca\u00e7\u00e3o de datas de reserva nos 30 dias anteriores \u00e0 tua chegada.<br\/><\/li>\n\n\n\n<li><strong>Estacionamento: <\/strong>O estacionamento na rua est\u00e1 dispon\u00edvel para os h\u00f3spedes estacionarem em frente \u00e0 casa. Certifica-te de que n\u00e3o bloqueias a entrada da garagem ou restringes o fluxo de tr\u00e1fego ao longo da rua estreita. Os h\u00f3spedes n\u00e3o est\u00e3o autorizados a estacionar caravanas ou campistas na propriedade.<br\/><\/li>\n\n\n\n<li><strong>Dispositivo de dete\u00e7\u00e3o de ru\u00eddo: <\/strong>Esta propriedade pode utilizar a tecnologia de monitoriza\u00e7\u00e3o de ru\u00eddo Minut para garantir o conforto e a seguran\u00e7a dos h\u00f3spedes. A manipula\u00e7\u00e3o do dispositivo \u00e9 estritamente proibida e d\u00e1 lugar a uma coima de 200 euros. Este dispositivo N\u00c3O grava sons ou conversas reais, apenas monitoriza o n\u00edvel de ru\u00eddo (medido em decib\u00e9is).<br\/><\/li>\n\n\n\n<li><strong>C\u00e2mara de seguran\u00e7a CCTV:<\/strong> Existem 2 c\u00e2maras de seguran\u00e7a nas \u00e1reas de entrada exterior da propriedade. Existe ainda uma terceira c\u00e2mara na garagem subterr\u00e2nea. A utiliza\u00e7\u00e3o desta \u00e1rea de garagem est\u00e1 interdita aos h\u00f3spedes.<br\/><\/li>\n\n\n\n<li><strong>Horas de sil\u00eancio: <\/strong>Respeita as horas de sil\u00eancio, das 22h00 \u00e0s 8h00. No interior do apartamento existe um dispositivo de dete\u00e7\u00e3o de ru\u00eddo que alerta o anfitri\u00e3o se o ru\u00eddo exceder os limites m\u00e1ximos.<br\/><\/li>\n\n\n\n<li><strong>Limite de convidados<\/strong>: 6 convidados no m\u00e1ximo. A viola\u00e7\u00e3o do limite de h\u00f3spedes implica uma coima de 450 euros. N\u00e3o s\u00e3o permitidos visitantes adicionais que excedam o limite de 6 h\u00f3spedes na nossa propriedade sem o consentimento pr\u00e9vio por escrito do gestor da propriedade do condom\u00ednio.<br\/><\/li>\n\n\n\n<li><strong>Cuidados com a propriedade:<\/strong> O h\u00f3spede compromete-se a tratar a propriedade com cuidado e respeito, mantendo-a limpa e em boas condi\u00e7\u00f5es. Os h\u00f3spedes n\u00e3o podem retirar ou reorganizar o mobili\u00e1rio.<br\/><\/li>\n\n\n\n<li><strong>Danos materiais:<\/strong> Qualquer utiliza\u00e7\u00e3o incorrecta, dano ou perda causada pelo h\u00f3spede ou pelos seus convidados ser\u00e1 da responsabilidade financeira do h\u00f3spede. Os danos detectados aquando da inspe\u00e7\u00e3o \u00e0 partida ser\u00e3o cobrados.<br\/><\/li>\n\n\n\n<li><strong>Cancelamento da reserva: <\/strong>O n\u00e3o cumprimento de todas as pol\u00edticas da casa acima mencionadas pode resultar no cancelamento imediato da reserva e \u00e9 causa de despejo da nossa propriedade de aluguer sem reembolso.<br\/><\/li>\n\n\n\n<li><strong>Ren\u00fancia de responsabilidade:<\/strong> O h\u00f3spede assume todos os riscos de ferimentos ou outras perdas resultantes de qualquer utiliza\u00e7\u00e3o da propriedade e concorda em indemnizar e isentar o propriet\u00e1rio ou os seus agentes de quaisquer reclama\u00e7\u00f5es relacionadas com o h\u00f3spede ou partes convidadas para a propriedade pelo h\u00f3spede.<br\/><\/li>\n\n\n\n<li><strong>Hora do check-in:<\/strong> 16h00<br\/><\/li>\n\n\n\n<li><strong>Hora do check-out:<\/strong> 11h00<\/li>\n<\/ul>\n\n<p><strong>2. CALEND\u00c1RIO DE PAGAMENTOS<\/strong><\/p>\n\n<p>100% no momento da reserva.  <\/p>\n\n<p><strong>3. POL\u00cdTICA DE CANCELAMENTO<\/strong><\/p>\n\n<p>100% dos pr\u00e9-pagamentos pagos s\u00e3o reembolsados quando cancelados 30 dias antes da chegada ou antes.<\/p>\n\n<p>50% dos pr\u00e9-pagamentos pagos s\u00e3o reembolsados quando cancelados 14 dias antes da chegada ou antes.<\/p>\n\n<p>0% reembols\u00e1vel se cancelado ap\u00f3s.<\/p>\n\n<p><strong>4. DEP\u00d3SITO DE SEGURAN\u00c7A<\/strong><\/p>\n\n<p>Uma pr\u00e9-autoriza\u00e7\u00e3o de 250 euros \u00e9 mantida 1 dia antes da chegada e anulada 2 dias ap\u00f3s a partida.<\/p>\n\n<h2 class=\"wp-block-heading\">Instru\u00e7\u00f5es para o check-in<\/h2>\n\n<p>Esperamos que estas instru\u00e7\u00f5es melhorem a tua estadia. Se tiveres alguma d\u00favida ou encontrares algum problema, n\u00e3o hesites em contactar-nos atrav\u00e9s do n\u00famero +351 925 975 416 (via WhatsApp) ou do e-mail <a href=\"mailto:Host@SunSeaBreeze.com\">Host@SunSeaBreeze.com.<\/a><\/p>\n\n<p><strong>1. C\u00f3digo de acesso pessoal:<\/strong> Os h\u00f3spedes receber\u00e3o um c\u00f3digo de acesso pessoal para abrir a porta<br\/>e entra na casa. Este c\u00f3digo \u00e9 estritamente para teu uso e n\u00e3o deve ser partilhado com outros. O<br\/>O c\u00f3digo ser\u00e1 ativado no dia da chegada \u00e0 hora do check-in (16h00) e ser\u00e1 automaticamente<br\/>desativado 5 minutos ap\u00f3s a hora de check-out (11:05h). Se o c\u00f3digo n\u00e3o estiver a funcionar<br\/>contacta-nos imediatamente atrav\u00e9s do n\u00famero de contacto de emerg\u00eancia abaixo indicado.<br\/><br\/><strong>2. Liga\u00e7\u00e3o WiFi: <\/strong>Para tua conveni\u00eancia, a Internet sem fios est\u00e1 dispon\u00edvel para acesso gratuito. Liga-te<br\/>Acede \u00e0 nossa rede WiFi de alta velocidade utilizando os dados fornecidos na folha de instru\u00e7\u00f5es WiFi que se encontra na mesa de caf\u00e9 da sala. Se tiveres problemas de liga\u00e7\u00e3o, o modem e o router podem ser encontrados no cesto de utilidades por baixo do televisor. Para reiniciar, desliga a alimenta\u00e7\u00e3o do modem e do router. Espera 10 segundos e liga primeiro o modem e depois o router sem fios.<br\/><br\/><strong>3. Centro de entretenimento (TV):<\/strong> A casa disp\u00f5e de duas televis\u00f5es por cabo, uma na sala de estar e outra na<br\/>e outro na sala de jogos. Desfruta dos teus programas favoritos!<\/p>\n\n<ul class=\"wp-block-list\">\n<li>  Liga o televisor utilizando o telecomando por cabo (pequeno), premindo o bot\u00e3o de alimenta\u00e7\u00e3o.<br\/><\/li>\n\n\n\n<li>Tamb\u00e9m podes utilizar o bot\u00e3o de alimenta\u00e7\u00e3o na parte lateral do televisor para o ligar.<br\/><\/li>\n\n\n\n<li>Caso n\u00e3o esteja a funcionar, prime Input (Entrada) para garantir que a fonte est\u00e1 selecionada para HDMI 2.  <br\/><\/li>\n\n\n\n<li>Utiliza o comando por cabo (pequeno) para navegar nos canais.<\/li>\n<\/ul>\n\n<p><strong>4. Lava a loi\u00e7a: <\/strong>Poupa tempo na limpeza; deixa a m\u00e1quina de lavar lou\u00e7a fazer o trabalho.<\/p>\n\n<ul class=\"wp-block-list\">\n<li>Enxagua a lou\u00e7a antes de a colocares na m\u00e1quina de lavar lou\u00e7a.<br\/><\/li>\n\n\n\n<li>Utiliza as c\u00e1psulas de detergente para a m\u00e1quina de lavar loi\u00e7a que se encontram debaixo do lava-loi\u00e7a.<br\/><\/li>\n\n\n\n<li>Liga a m\u00e1quina de lavar lou\u00e7a e relaxa!<\/li>\n<\/ul>\n\n<p><strong>5. Lavandaria:<\/strong> Mant\u00e9m a tua roupa fresca durante a tua estadia.<\/p>\n\n<ul class=\"wp-block-list\">\n<li>M\u00e1quina de lavar roupa: Carrega a roupa, adiciona a folha de detergente e selecciona o ciclo desejado.<br\/><\/li>\n\n\n\n<li>Est\u00e1 dispon\u00edvel uma m\u00e1quina de secar roupa para o teu uso. No entanto, na Europa, o custo da eletricidade \u00e9 elevado, pelo que um estendal est\u00e1 \u00e0 tua disposi\u00e7\u00e3o para aproveitares a natureza e o sol para secares a tua roupa. Se tiveres de utilizar a m\u00e1quina de secar, coloca a roupa no interior, escolhe as defini\u00e7\u00f5es adequadas e liga. Esta m\u00e1quina de secar roupa tem condensa\u00e7\u00e3o e, como tal, deita fora a \u00e1gua ap\u00f3s cada utiliza\u00e7\u00e3o e limpa tamb\u00e9m o filtro de cot\u00e3o.<\/li>\n<\/ul>\n\n<p><strong>6. Funcionamento das janelas: <\/strong>Todas as janelas\/portas exteriores (exceto as entradas principais e laterais) s\u00e3o do tipo Tilt &amp; Turn. Segue as instru\u00e7\u00f5es de utiliza\u00e7\u00e3o: Nota: Em todos os casos, antes de rodar o man\u00edpulo, a janela deve estar fechada.<\/p>\n\n<p><img loading=\"lazy\" decoding=\"async\" alt=\"imagem\" src=\"https:\/\/lh7-us.googleusercontent.com\/docsz\/AD_4nXc2873mj0IzYt23pd3VkXaDimo9XNSoFw4kvSTEVWojk8UwMvj_TXtxsHkC8dajXi3de398el45ea76IbbuZigPkE4TeVamie3BLlJeJxmJAUszSyM_Jqty3mSJ5I6lHe8fspOULsXSf8LHQioi-kdpKEqwzprWLxxMM8K6Nd6DP4faCagaEw?key=oAlQbcnCBDxmUwkwU01KNA\" width=\"268\" height=\"178\"\/><\/p>\n\n<ul class=\"wp-block-list\">\n<li><strong>Abre a posi\u00e7\u00e3o de rota\u00e7\u00e3o<\/strong><br\/>Para abrir a janela na sua posi\u00e7\u00e3o basculante, basta rodar o man\u00edpulo noventa graus, de modo a que aponte para o centro do dispositivo de abertura, e puxar na tua dire\u00e7\u00e3o. A janela vira-se para ti, articula-se de lado e abre-se a noventa graus.<br\/><\/li>\n\n\n\n<li><strong>Abre para a posi\u00e7\u00e3o de inclina\u00e7\u00e3o<\/strong><br\/>Para abrir a janela na posi\u00e7\u00e3o de rota\u00e7\u00e3o, roda o puxador para cima e puxa na tua dire\u00e7\u00e3o. A janela inclina-se para ti, articulada a partir de baixo, e p\u00e1ra quando atinge cerca de dez cent\u00edmetros.<br\/><\/li>\n\n\n\n<li><strong>Fecha a janela: <\/strong>Para bloquear a janela na posi\u00e7\u00e3o fechada, roda o puxador de modo a que este aponte para baixo.<\/li>\n<\/ul>\n\n<p><strong>7. Contactos de emerg\u00eancia: <\/strong>Para quaisquer quest\u00f5es urgentes ou emerg\u00eancias, consulta os contactos abaixo indicados:<\/p>\n\n<ul class=\"wp-block-list\">\n<li>Gerente da propriedade: [Nome: XXXX, N\u00famero de telefone: XXXX, Email: XXXX.com]<br\/><\/li>\n\n\n\n<li>Servi\u00e7os de emerg\u00eancia: XXX<\/li>\n<\/ul>\n\n<p><strong>8. Regras da casa: <\/strong>Por favor, familiariza-te com as nossas regras da casa fornecidas no manual do h\u00f3spede. A viola\u00e7\u00e3o das Regras da Casa pode resultar na desocupa\u00e7\u00e3o imediata da propriedade ou na expuls\u00e3o do h\u00f3spede, caso em que este perde todos os direitos \u00e0 devolu\u00e7\u00e3o de quaisquer taxas de aluguer n\u00e3o utilizadas.<\/p>\n\n<h2 class=\"wp-block-heading\">Instru\u00e7\u00f5es de sa\u00edda<\/h2>\n\n<p><strong>1. Hora de sa\u00edda:<\/strong> Respeita a hora de sa\u00edda acordada, que \u00e9 \u00e0s 11 horas. Isto permite-nos preparar prontamente o espa\u00e7o para os nossos pr\u00f3ximos h\u00f3spedes. Os check-out tardios n\u00e3o aprovados implicam uma taxa de 5% da tarifa nocturna por cada meia hora de atraso na partida. Se fores avisado com anteced\u00eancia, os representantes do Anfitri\u00e3o tentar\u00e3o acomodar chegadas antecipadas e sa\u00eddas tardias. Por favor, tem em aten\u00e7\u00e3o que o c\u00f3digo da porta ser\u00e1 automaticamente desativado 5 minutos ap\u00f3s a hora de check-out (11:05h).<br\/><br\/><strong>2. Limpa o espa\u00e7o:<\/strong> Por favor, arruma o espa\u00e7o antes de sair.<br\/><br\/>Inclui:<\/p>\n\n<ul class=\"wp-block-list\">\n<li>Lava e arruma a loi\u00e7a.<\/li>\n\n\n\n<li>Coloca toda a lou\u00e7a suja na m\u00e1quina de lavar lou\u00e7a e p\u00f5e-na a funcionar antes de sair.<\/li>\n\n\n\n<li>Leva o lixo para fora e coloca-o nos caixotes designados. Os caixotes do lixo comunit\u00e1rios est\u00e3o situados no cimo da rua.<\/li>\n<\/ul>\n\n<p><strong>3. Roupa de cama e toalhas usadas:<\/strong> Coloca as toalhas e cobertores usados no cesto da roupa suja no arm\u00e1rio do quarto. Se houver derrames ou manchas, avisa-nos.<br\/><br\/><strong>4. Electrodom\u00e9sticos:<\/strong> Certifica-te de que todos os aparelhos (fog\u00e3o, forno, micro-ondas, etc.) est\u00e3o desligados.<\/p>\n\n<p><strong>5.<\/strong> <strong>Luzes e aparelhos electr\u00f3nicos:<\/strong> Desliga todas as luzes e aparelhos electr\u00f3nicos (ventoinhas, aquecedores, etc.).<\/p>\n\n<p><strong>6. Janelas e portas:<\/strong> Fecha e tranca bem todas as janelas e portas.<br\/><br\/><strong>Para trancar a porta:<\/strong><\/p>\n\n<ul class=\"wp-block-list\">\n<li>Fecha a porta com firmeza.<br\/><\/li>\n\n\n\n<li>Desperta o teclado tocando-lhe.<br\/><\/li>\n\n\n\n<li>Pressiona o bot\u00e3o de bloqueio no canto inferior direito. (NB Corinne para confirmar que este passo \u00e9 necess\u00e1rio)<\/li>\n<\/ul>\n\n<p><strong>7. D\u00e1-nos a tua opini\u00e3o:<\/strong> A tua opini\u00e3o \u00e9 importante para n\u00f3s! Se houver alguma coisa que possamos melhorar ou se tiveres tido uma experi\u00eancia positiva, por favor, diz-nos, escrevendo-nos um e-mail para Host@SunSeaBreezeVilla.com<br\/><br\/><strong>8. Perdidos e achados:<\/strong> Verifica se existem objectos pessoais no espa\u00e7o. Se deixares algo para tr\u00e1s, contacta-nos o mais rapidamente poss\u00edvel.<br\/><br\/><strong>9.<\/strong> <strong>Informa\u00e7\u00f5es de contacto:<\/strong> Se tiveres alguma d\u00favida ou encontrares problemas durante o check-out, n\u00e3o hesites em contactar-nos atrav\u00e9s do n\u00famero +351 925 975 416 (via WhatsApp) ou do e-mail <a href=\"mailto:Host@SunSeaBreezeVilla.com\" title=\"\">Host@SunSeaBreeze.com.<\/a><\/p>\n","protected":false},"excerpt":{"rendered":"<p>Pol\u00edticas 1. POL\u00cdTICAS GERAIS: 2. CALEND\u00c1RIO DE PAGAMENTOS 100% no momento da reserva. 3. POL\u00cdTICA DE CANCELAMENTO 100% dos pr\u00e9-pagamentos pagos s\u00e3o reembolsados quando cancelados 30 dias antes da chegada ou antes. 50% dos pr\u00e9-pagamentos pagos s\u00e3o reembolsados quando cancelados 14 dias antes da chegada ou antes. 0% reembols\u00e1vel se cancelado ap\u00f3s. 4. DEP\u00d3SITO DE [&hellip;]<\/p>\n","protected":false},"author":1,"featured_media":0,"parent":0,"menu_order":0,"comment_status":"closed","ping_status":"closed","template":"","meta":{"inline_featured_image":false,"_monsterinsights_skip_tracking":false,"_monsterinsights_sitenote_active":false,"_monsterinsights_sitenote_note":"","_monsterinsights_sitenote_category":0,"footnotes":""},"class_list":["post-3168","page","type-page","status-publish","hentry"],"aioseo_notices":[],"_links":{"self":[{"href":"https:\/\/sunseabreezevilla.com\/pt-pt\/wp-json\/wp\/v2\/pages\/3168"}],"collection":[{"href":"https:\/\/sunseabreezevilla.com\/pt-pt\/wp-json\/wp\/v2\/pages"}],"about":[{"href":"https:\/\/sunseabreezevilla.com\/pt-pt\/wp-json\/wp\/v2\/types\/page"}],"author":[{"embeddable":true,"href":"https:\/\/sunseabreezevilla.com\/pt-pt\/wp-json\/wp\/v2\/users\/1"}],"replies":[{"embeddable":true,"href":"https:\/\/sunseabreezevilla.com\/pt-pt\/wp-json\/wp\/v2\/comments?post=3168"}],"version-history":[{"count":1,"href":"https:\/\/sunseabreezevilla.com\/pt-pt\/wp-json\/wp\/v2\/pages\/3168\/revisions"}],"predecessor-version":[{"id":3171,"href":"https:\/\/sunseabreezevilla.com\/pt-pt\/wp-json\/wp\/v2\/pages\/3168\/revisions\/3171"}],"wp:attachment":[{"href":"https:\/\/sunseabreezevilla.com\/pt-pt\/wp-json\/wp\/v2\/media?parent=3168"}],"curies":[{"name":"wp","href":"https:\/\/api.w.org\/{rel}","templated":true}]}}